{"id":24690,"date":"2023-06-22T16:11:59","date_gmt":"2023-06-22T14:11:59","guid":{"rendered":"https:\/\/chmedica.ch\/prodotto\/goniometre-180-a-bras-extra-long-14-acier-inox\/"},"modified":"2024-01-02T13:15:15","modified_gmt":"2024-01-02T12:15:15","slug":"goniometre-180-a-bras-extra-long-14-acier-inox","status":"publish","type":"product","link":"https:\/\/chmedica.ch\/fr\/produit\/goniometre-180-a-bras-extra-long-14-acier-inox\/","title":{"rendered":"GONIOM\u00c8TRE 180\u00b0 \u00c0 BRAS EXTRA LONG 14&Prime; &#8211; acier inox"},"content":{"rendered":"","protected":false},"excerpt":{"rendered":"<p>GONIOM\u00c8TRE \u00c0 BRANCHES LONGUES 180\u00b0 14&Prime; &#8211; 35 cm<\/p>\n<p>Branches extra-longues, utiles pour mesurer toutes les articulations.<br \/>\nLa branche pr\u00e9sente une \u00e9chelle lin\u00e9aire marqu\u00e9 en augmentations de 1\u00b0.<\/p>\n<p>Manuel multilingue: GB, FR, IT, ES.<\/p>\n","protected":false},"featured_media":24678,"template":"","meta":{"_acf_changed":false},"product_brand":[],"product_cat":[946,1900],"product_tag":[],"class_list":{"0":"post-24690","1":"product","2":"type-product","3":"status-publish","4":"has-post-thumbnail","6":"product_cat-balance-et-le-compteur-medical","7":"product_cat-compteurs-medicaux-et-cardiofrequencemetres","9":"first","10":"onbackorder","11":"taxable","12":"shipping-taxable","13":"purchasable","14":"product-type-simple"},"acf":{"fornitore":"GIMA","standard_accessori":"","unita_misura":"1 pz."},"_links":{"self":[{"href":"https:\/\/chmedica.ch\/fr\/wp-json\/wp\/v2\/product\/24690","targetHints":{"allow":["GET"]}}],"collection":[{"href":"https:\/\/chmedica.ch\/fr\/wp-json\/wp\/v2\/product"}],"about":[{"href":"https:\/\/chmedica.ch\/fr\/wp-json\/wp\/v2\/types\/product"}],"wp:featuredmedia":[{"embeddable":true,"href":"https:\/\/chmedica.ch\/fr\/wp-json\/wp\/v2\/media\/24678"}],"wp:attachment":[{"href":"https:\/\/chmedica.ch\/fr\/wp-json\/wp\/v2\/media?parent=24690"}],"wp:term":[{"taxonomy":"product_brand","embeddable":true,"href":"https:\/\/chmedica.ch\/fr\/wp-json\/wp\/v2\/product_brand?post=24690"},{"taxonomy":"product_cat","embeddable":true,"href":"https:\/\/chmedica.ch\/fr\/wp-json\/wp\/v2\/product_cat?post=24690"},{"taxonomy":"product_tag","embeddable":true,"href":"https:\/\/chmedica.ch\/fr\/wp-json\/wp\/v2\/product_tag?post=24690"}],"curies":[{"name":"wp","href":"https:\/\/api.w.org\/{rel}","templated":true}]}}