{"id":24675,"date":"2023-06-22T16:11:54","date_gmt":"2023-06-22T14:11:54","guid":{"rendered":"https:\/\/chmedica.ch\/prodotto\/goniometre-360-14-acier-inox\/"},"modified":"2024-01-02T13:15:08","modified_gmt":"2024-01-02T12:15:08","slug":"goniometre-360-14-acier-inox","status":"publish","type":"product","link":"https:\/\/chmedica.ch\/fr\/produit\/goniometre-360-14-acier-inox\/","title":{"rendered":"GONIOM\u00c8TRE 360\u00b0 14&Prime; &#8211; acier inox"},"content":{"rendered":"","protected":false},"excerpt":{"rendered":"<p>GONIOM\u00c8TRE 360\u00b0 14&Prime; &#8211; 35 cm<\/p>\n<p>Pr\u00e9sente deux \u00e9chelles oppos\u00e9es de 180\u00b0 et une \u00e9chelle de 360\u00b0, marqu\u00e9s en augmentations de 1\u00b0.<br \/>\nPoign\u00e9e solide et r\u00e9glable pour ajuster la tension des branches.<\/p>\n<p>Manuel multilingue: GB, FR, IT, ES.<\/p>\n","protected":false},"featured_media":0,"template":"","meta":{"_acf_changed":false},"product_brand":[],"product_cat":[946,1900],"product_tag":[],"class_list":{"0":"post-24675","1":"product","2":"type-product","3":"status-publish","5":"product_cat-balance-et-le-compteur-medical","6":"product_cat-compteurs-medicaux-et-cardiofrequencemetres","8":"first","9":"onbackorder","10":"taxable","11":"shipping-taxable","12":"purchasable","13":"product-type-simple"},"acf":{"fornitore":"GIMA","standard_accessori":"","unita_misura":"1 pz."},"_links":{"self":[{"href":"https:\/\/chmedica.ch\/fr\/wp-json\/wp\/v2\/product\/24675","targetHints":{"allow":["GET"]}}],"collection":[{"href":"https:\/\/chmedica.ch\/fr\/wp-json\/wp\/v2\/product"}],"about":[{"href":"https:\/\/chmedica.ch\/fr\/wp-json\/wp\/v2\/types\/product"}],"wp:attachment":[{"href":"https:\/\/chmedica.ch\/fr\/wp-json\/wp\/v2\/media?parent=24675"}],"wp:term":[{"taxonomy":"product_brand","embeddable":true,"href":"https:\/\/chmedica.ch\/fr\/wp-json\/wp\/v2\/product_brand?post=24675"},{"taxonomy":"product_cat","embeddable":true,"href":"https:\/\/chmedica.ch\/fr\/wp-json\/wp\/v2\/product_cat?post=24675"},{"taxonomy":"product_tag","embeddable":true,"href":"https:\/\/chmedica.ch\/fr\/wp-json\/wp\/v2\/product_tag?post=24675"}],"curies":[{"name":"wp","href":"https:\/\/api.w.org\/{rel}","templated":true}]}}