{"id":24234,"date":"2023-06-22T16:07:16","date_gmt":"2023-06-22T14:07:16","guid":{"rendered":"https:\/\/chmedica.ch\/prodotto\/ethylotest-avec-affichage\/"},"modified":"2024-01-02T13:08:35","modified_gmt":"2024-01-02T12:08:35","slug":"ethylotest-avec-affichage","status":"publish","type":"product","link":"https:\/\/chmedica.ch\/fr\/produit\/ethylotest-avec-affichage\/","title":{"rendered":"\u00c9THYLOTEST &#8211; avec affichage"},"content":{"rendered":"<p>Plage: basse et 0,15 ~ 1,50 \u2030 BAC<br \/>\nExactitude: \u00b1 0,2 \u2030 BAC plage compl\u00e8te sous niveau d&rsquo;alerte<br \/>\nAlimentation: 3 piles 1,5 V AAA (non incluses)<br \/>\n\u00c9cran: affichage num\u00e9rique avec r\u00e9solution 0,01\u2030 BAC (ex. 0,025 % BAC)<br \/>\nCompensation de tol\u00e9rance: fonction de pr\u00e9alerte et r\u00e9tro\u00e9clairage bicolore<br \/>\n\u00c9chantillonnage haleine: respiration continue environ 5 secondes<br \/>\nTemps du cycle: environ 20 secondes<br \/>\nDimensions unit\u00e9: 107 x 45 x 25 mm environ.<br \/>\nPoids: 50 g (sans piles)<br \/>\n\u00c9talonnage niveau d&rsquo;alerte: 0,5 \u2030 BAC<br \/>\nExtinction automatique apr\u00e8s 2 minutes<\/p>\n","protected":false},"excerpt":{"rendered":"<p>Appareil compact pour mesurer la concentration d&rsquo;alcool dans votre haleine.<br \/>\nInterface et animation num\u00e9riques\/graphiques, manipulation d&rsquo;une main. Valeurs \u2030 BAC.<br \/>\n\u00c9cran large pour lire la valeur exacte dans votre haleine (r\u00e9tro-\u00e9clairage 2 couleurs).<br \/>\nSi le r\u00e9sultat d\u00e9passe le taux maximal d&rsquo;alcool, la vignette NE CONDUISEZ PAS est affich\u00e9e.<br \/>\nFourni dans une bo\u00eete en carton avec 3 embouts de soufflage \u00d8 7 mm.<\/p>\n<p>Bo\u00eete et mode d&#8217;emploi multilingue: GB, FR, IT, ES, PT.<\/p>\n","protected":false},"featured_media":24216,"template":"","meta":{"_acf_changed":false},"product_brand":[],"product_cat":[1830,954],"product_tag":[],"class_list":{"0":"post-24234","1":"product","2":"type-product","3":"status-publish","4":"has-post-thumbnail","6":"product_cat-ethylometre","7":"product_cat-ethylometre-cigarette-electronique-anti-ronflement","9":"first","10":"onbackorder","11":"taxable","12":"shipping-taxable","13":"purchasable","14":"product-type-simple"},"acf":{"fornitore":"GIMA","standard_accessori":"","unita_misura":"1 pz."},"_links":{"self":[{"href":"https:\/\/chmedica.ch\/fr\/wp-json\/wp\/v2\/product\/24234","targetHints":{"allow":["GET"]}}],"collection":[{"href":"https:\/\/chmedica.ch\/fr\/wp-json\/wp\/v2\/product"}],"about":[{"href":"https:\/\/chmedica.ch\/fr\/wp-json\/wp\/v2\/types\/product"}],"wp:featuredmedia":[{"embeddable":true,"href":"https:\/\/chmedica.ch\/fr\/wp-json\/wp\/v2\/media\/24216"}],"wp:attachment":[{"href":"https:\/\/chmedica.ch\/fr\/wp-json\/wp\/v2\/media?parent=24234"}],"wp:term":[{"taxonomy":"product_brand","embeddable":true,"href":"https:\/\/chmedica.ch\/fr\/wp-json\/wp\/v2\/product_brand?post=24234"},{"taxonomy":"product_cat","embeddable":true,"href":"https:\/\/chmedica.ch\/fr\/wp-json\/wp\/v2\/product_cat?post=24234"},{"taxonomy":"product_tag","embeddable":true,"href":"https:\/\/chmedica.ch\/fr\/wp-json\/wp\/v2\/product_tag?post=24234"}],"curies":[{"name":"wp","href":"https:\/\/api.w.org\/{rel}","templated":true}]}}