{"id":24204,"date":"2023-06-22T16:06:58","date_gmt":"2023-06-22T14:06:58","guid":{"rendered":"https:\/\/chmedica.ch\/prodotto\/ethylotest-professionnel-ap338-calibrage-facile-avec-imprimante\/"},"modified":"2024-01-02T13:08:07","modified_gmt":"2024-01-02T12:08:07","slug":"ethylotest-professionnel-ap338-calibrage-facile-avec-imprimante","status":"publish","type":"product","link":"https:\/\/chmedica.ch\/fr\/produit\/ethylotest-professionnel-ap338-calibrage-facile-avec-imprimante\/","title":{"rendered":"\u00c9THYLOTEST PROFESSIONNEL AP338 CALIBRAGE FACILE avec imprimante"},"content":{"rendered":"<p>\u2022 \u00c9cran: panneau LCD IPS couleur 4,5&Prime;<br \/>\n\u2022 Clavier: panneau tactile<br \/>\n\u2022 Alimentation: batterie Li-Ion rechargeable 3,4 V<br \/>\n\u2022 \u00c9chauffage: la chambre et le capteur s\u2019\u00e9chauffent automatiquement<br \/>\n\u2022 Auto-surveillance d\u00e9bit: d\u00e9tection automatique du d\u00e9bit<br \/>\n\u2022 Temp. de fonctionnement: de -20 \u00e0 +45\u00b0c (optimale 5 \u00e0 40\u00b0c)<br \/>\n\u2022 T\u00e9l\u00e9chargement donn\u00e9es: port USB<br \/>\n\u2022 Compatibilit\u00e9:Windows XP, 7, 8, 10 (Exporte les documents en tant que fichiers Excel)<br \/>\nM\u00e9moires:<br \/>\n&#8211; 150 000 m\u00e9moires test complet<br \/>\n&#8211; Nom conducteur, num\u00e9ro v\u00e9hicule, nom inspecteur, r\u00e9sultats test avec date et heure imprim\u00e9es, lieu, calibrage&#8230;<br \/>\n\u2022 Pr\u00e9cision mesure:<br \/>\n&#8211; \u00e9cart type \u00b1 0,025 mg\/l ou \u00b15% de la mesure<br \/>\n&#8211; D\u00e9viation: g\u00e9n\u00e9ralement&lt;0,8% du valeur de la mesure\/mois<br \/>\n\u2022 Calibration: par remplacement du module de capteur pr\u00e9-calibr\u00e9<br \/>\n\u2022 Unit\u00e9: mg\/L, mg\/100 L, %BAC, \u2030BAC<\/p>\n","protected":false},"excerpt":{"rendered":"<p>\u00c9thylotest professionnel \u00e0 capteur, \u00e0 pile \u00e0 combustible, avec imprimante et \u00e9cran tactile. La pile \u00e0 combustible est un disque poreux avec une fine couche de platine noire; l&rsquo;alcool entrant en contact avec la surface de la cellule est d\u00e9compos\u00e9 chimiquement. Chaque mol\u00e9cule d\u2019alcool d\u00e9compos\u00e9e lib\u00e8re un nombre donn\u00e9 d\u2019\u00e9lectrons en proportion de la quantit\u00e9 d\u2019alcool.<\/p>\n<p>Auto-\u00e9talonnage: remplacement ais\u00e9 du module pr\u00e9-\u00e9talonn\u00e9.<\/p>\n","protected":false},"featured_media":24174,"template":"","meta":{"_acf_changed":false},"product_brand":[],"product_cat":[1830,954],"product_tag":[],"class_list":{"0":"post-24204","1":"product","2":"type-product","3":"status-publish","4":"has-post-thumbnail","6":"product_cat-ethylometre","7":"product_cat-ethylometre-cigarette-electronique-anti-ronflement","9":"first","10":"onbackorder","11":"taxable","12":"shipping-taxable","13":"purchasable","14":"product-type-simple"},"acf":{"fornitore":"GIMA","standard_accessori":"","unita_misura":"1 pz."},"_links":{"self":[{"href":"https:\/\/chmedica.ch\/fr\/wp-json\/wp\/v2\/product\/24204","targetHints":{"allow":["GET"]}}],"collection":[{"href":"https:\/\/chmedica.ch\/fr\/wp-json\/wp\/v2\/product"}],"about":[{"href":"https:\/\/chmedica.ch\/fr\/wp-json\/wp\/v2\/types\/product"}],"wp:featuredmedia":[{"embeddable":true,"href":"https:\/\/chmedica.ch\/fr\/wp-json\/wp\/v2\/media\/24174"}],"wp:attachment":[{"href":"https:\/\/chmedica.ch\/fr\/wp-json\/wp\/v2\/media?parent=24204"}],"wp:term":[{"taxonomy":"product_brand","embeddable":true,"href":"https:\/\/chmedica.ch\/fr\/wp-json\/wp\/v2\/product_brand?post=24204"},{"taxonomy":"product_cat","embeddable":true,"href":"https:\/\/chmedica.ch\/fr\/wp-json\/wp\/v2\/product_cat?post=24204"},{"taxonomy":"product_tag","embeddable":true,"href":"https:\/\/chmedica.ch\/fr\/wp-json\/wp\/v2\/product_tag?post=24204"}],"curies":[{"name":"wp","href":"https:\/\/api.w.org\/{rel}","templated":true}]}}