{"id":23997,"date":"2023-06-22T16:06:02","date_gmt":"2023-06-22T14:06:02","guid":{"rendered":"https:\/\/chmedica.ch\/prodotto\/peigne-a-poux-manuel\/"},"modified":"2024-01-02T13:06:31","modified_gmt":"2024-01-02T12:06:31","slug":"peigne-a-poux-manuel","status":"publish","type":"product","link":"https:\/\/chmedica.ch\/fr\/produit\/peigne-a-poux-manuel\/","title":{"rendered":"PEIGNE \u00c0 POUX MANUEL"},"content":{"rendered":"","protected":false},"excerpt":{"rendered":"<p>M\u00e9thode naturelle et \u00e9cologique pour \u00e9liminer compl\u00e8tement les poux et les lentes sans douleur. Id\u00e9al pour les enfants et les personnes allergiques. Les dents longues et l\u00e9g\u00e8rement ferm\u00e9es sont sp\u00e9cialement con\u00e7ues pour d\u00e9tacher les poux et leurs lentes (petits \u0153ufs). La forme ronde des pointes respecte la direction de croissance des cheveux sans abimer leur texture.<\/p>\n<p>\u2022 Peigne ergonomique avec de longues dents en m\u00e9tal et brosse de nettoyage amovible avec loupe int\u00e9gr\u00e9e<br \/>\n\u2022 Blister multilingual: GB, FR, IT, ES.<\/p>\n","protected":false},"featured_media":23973,"template":"","meta":{"_acf_changed":false},"product_brand":[],"product_cat":[764,1838],"product_tag":[],"class_list":{"0":"post-23997","1":"product","2":"type-product","3":"status-publish","4":"has-post-thumbnail","6":"product_cat-articles-sanitaires-pour-pharmacies","7":"product_cat-dispositifs-pour-piqures-et-morsure-insectes-venimeux","9":"first","10":"onbackorder","11":"taxable","12":"shipping-taxable","13":"purchasable","14":"product-type-simple"},"acf":{"fornitore":"GIMA","standard_accessori":"","unita_misura":"1 pz."},"_links":{"self":[{"href":"https:\/\/chmedica.ch\/fr\/wp-json\/wp\/v2\/product\/23997","targetHints":{"allow":["GET"]}}],"collection":[{"href":"https:\/\/chmedica.ch\/fr\/wp-json\/wp\/v2\/product"}],"about":[{"href":"https:\/\/chmedica.ch\/fr\/wp-json\/wp\/v2\/types\/product"}],"wp:featuredmedia":[{"embeddable":true,"href":"https:\/\/chmedica.ch\/fr\/wp-json\/wp\/v2\/media\/23973"}],"wp:attachment":[{"href":"https:\/\/chmedica.ch\/fr\/wp-json\/wp\/v2\/media?parent=23997"}],"wp:term":[{"taxonomy":"product_brand","embeddable":true,"href":"https:\/\/chmedica.ch\/fr\/wp-json\/wp\/v2\/product_brand?post=23997"},{"taxonomy":"product_cat","embeddable":true,"href":"https:\/\/chmedica.ch\/fr\/wp-json\/wp\/v2\/product_cat?post=23997"},{"taxonomy":"product_tag","embeddable":true,"href":"https:\/\/chmedica.ch\/fr\/wp-json\/wp\/v2\/product_tag?post=23997"}],"curies":[{"name":"wp","href":"https:\/\/api.w.org\/{rel}","templated":true}]}}