{"id":21180,"date":"2023-06-22T15:37:26","date_gmt":"2023-06-22T13:37:26","guid":{"rendered":"https:\/\/chmedica.ch\/prodotto\/coussin-dentrainement-aux-sutures-avec-blessures-avec-filet\/"},"modified":"2024-01-02T12:30:50","modified_gmt":"2024-01-02T11:30:50","slug":"coussin-dentrainement-aux-sutures-avec-blessures-avec-filet","status":"publish","type":"product","link":"https:\/\/chmedica.ch\/fr\/produit\/coussin-dentrainement-aux-sutures-avec-blessures-avec-filet\/","title":{"rendered":"COUSSIN D\u2019ENTRA\u00ceNEMENT AUX SUTURES AVEC BLESSURES AVEC FILET"},"content":{"rendered":"","protected":false},"excerpt":{"rendered":"<p>Coussin d\u2019entra\u00eenement aux sutures en silicone avec 14 blessures.<\/p>\n<p>3 couches: tissu cutan\u00e9, sous-cutan\u00e9 et musculaire (couche suppl\u00e9mentaire de filet sous la peau).<\/p>\n<p>Texture souple tr\u00e8s proche de la peau r\u00e9elle.<\/p>\n<p>Dimensions: 17,2 x 12 x 1,2 cm<\/p>\n","protected":false},"featured_media":21156,"template":"","meta":{"_acf_changed":false},"product_brand":[],"product_cat":[1444,914],"product_tag":[],"class_list":{"0":"post-21180","1":"product","2":"type-product","3":"status-publish","4":"has-post-thumbnail","6":"product_cat-kits-de-pansements-sutures-catheterisme","7":"product_cat-pansement-gaze-patchs","9":"first","10":"onbackorder","11":"taxable","12":"shipping-taxable","13":"purchasable","14":"product-type-simple"},"acf":{"fornitore":"GIMA","standard_accessori":"","unita_misura":"1 pz."},"_links":{"self":[{"href":"https:\/\/chmedica.ch\/fr\/wp-json\/wp\/v2\/product\/21180","targetHints":{"allow":["GET"]}}],"collection":[{"href":"https:\/\/chmedica.ch\/fr\/wp-json\/wp\/v2\/product"}],"about":[{"href":"https:\/\/chmedica.ch\/fr\/wp-json\/wp\/v2\/types\/product"}],"wp:featuredmedia":[{"embeddable":true,"href":"https:\/\/chmedica.ch\/fr\/wp-json\/wp\/v2\/media\/21156"}],"wp:attachment":[{"href":"https:\/\/chmedica.ch\/fr\/wp-json\/wp\/v2\/media?parent=21180"}],"wp:term":[{"taxonomy":"product_brand","embeddable":true,"href":"https:\/\/chmedica.ch\/fr\/wp-json\/wp\/v2\/product_brand?post=21180"},{"taxonomy":"product_cat","embeddable":true,"href":"https:\/\/chmedica.ch\/fr\/wp-json\/wp\/v2\/product_cat?post=21180"},{"taxonomy":"product_tag","embeddable":true,"href":"https:\/\/chmedica.ch\/fr\/wp-json\/wp\/v2\/product_tag?post=21180"}],"curies":[{"name":"wp","href":"https:\/\/api.w.org\/{rel}","templated":true}]}}