{"id":19044,"date":"2023-06-22T15:13:49","date_gmt":"2023-06-22T13:13:49","guid":{"rendered":"https:\/\/chmedica.ch\/prodotto\/catheter-de-foley-2-voies-silicone-ch-fr-22-ballonet-30-ml-sterile\/"},"modified":"2024-01-02T11:55:46","modified_gmt":"2024-01-02T10:55:46","slug":"catheter-de-foley-2-voies-silicone-ch-fr-22-ballonet-30-ml-sterile","status":"publish","type":"product","link":"https:\/\/chmedica.ch\/fr\/produit\/catheter-de-foley-2-voies-silicone-ch-fr-22-ballonet-30-ml-sterile\/","title":{"rendered":"CATH\u00c9TER DE FOLEY 2 VOIES SILICONE ch\/fr 22 &#8211; ballonet 30 ml &#8211; st\u00e9rile"},"content":{"rendered":"","protected":false},"excerpt":{"rendered":"<p>Cath\u00e9ter \u00e0 2 voies de Foley en silicone st\u00e9riles, usage unique.<\/p>\n<p>&#8211; ch\/fr: 22<br \/>\n&#8211; Longueur: 41 cm<br \/>\n&#8211; Ballonnet: 30 ml<br \/>\n&#8211; Cath\u00e9ter \u00e0 2 voies en silicone<br \/>\n&#8211; Jetable<br \/>\n&#8211; St\u00e9riles<\/p>\n","protected":false},"featured_media":0,"template":"","meta":{"_acf_changed":false},"product_brand":[],"product_cat":[1494,866],"product_tag":[],"class_list":{"0":"post-19044","1":"product","2":"type-product","3":"status-publish","5":"product_cat-catheters-fr","6":"product_cat-instruments-chirurgicaux","8":"first","9":"onbackorder","10":"taxable","11":"shipping-taxable","12":"purchasable","13":"product-type-simple"},"acf":{"fornitore":"GIMA","standard_accessori":"","unita_misura":"conf. 10 pz."},"_links":{"self":[{"href":"https:\/\/chmedica.ch\/fr\/wp-json\/wp\/v2\/product\/19044","targetHints":{"allow":["GET"]}}],"collection":[{"href":"https:\/\/chmedica.ch\/fr\/wp-json\/wp\/v2\/product"}],"about":[{"href":"https:\/\/chmedica.ch\/fr\/wp-json\/wp\/v2\/types\/product"}],"wp:attachment":[{"href":"https:\/\/chmedica.ch\/fr\/wp-json\/wp\/v2\/media?parent=19044"}],"wp:term":[{"taxonomy":"product_brand","embeddable":true,"href":"https:\/\/chmedica.ch\/fr\/wp-json\/wp\/v2\/product_brand?post=19044"},{"taxonomy":"product_cat","embeddable":true,"href":"https:\/\/chmedica.ch\/fr\/wp-json\/wp\/v2\/product_cat?post=19044"},{"taxonomy":"product_tag","embeddable":true,"href":"https:\/\/chmedica.ch\/fr\/wp-json\/wp\/v2\/product_tag?post=19044"}],"curies":[{"name":"wp","href":"https:\/\/api.w.org\/{rel}","templated":true}]}}