{"id":18972,"date":"2023-06-22T15:12:54","date_gmt":"2023-06-22T13:12:54","guid":{"rendered":"https:\/\/chmedica.ch\/prodotto\/catheter-de-foley-2-voies-latex-ch-fr-16-ballonet-30-ml-sterile\/"},"modified":"2024-01-02T11:54:29","modified_gmt":"2024-01-02T10:54:29","slug":"catheter-de-foley-2-voies-latex-ch-fr-16-ballonet-30-ml-sterile","status":"publish","type":"product","link":"https:\/\/chmedica.ch\/fr\/produit\/catheter-de-foley-2-voies-latex-ch-fr-16-ballonet-30-ml-sterile\/","title":{"rendered":"CATH\u00c9TER DE FOLEY 2 VOIES LATEX ch\/fr 16 &#8211; ballonet 30 ml &#8211; st\u00e9rile"},"content":{"rendered":"","protected":false},"excerpt":{"rendered":"<p>CATH\u00c9TERS DE FOLEY EN LATEX ST\u00c9RILES RECOUVERTS DE SILICONE 100% &#8211; usage unique.<\/p>\n<p>&#8211; ch\/fr: 16<br \/>\n&#8211; Longueur: 40 cm.<br \/>\n&#8211; Jetable<br \/>\n&#8211; Cath\u00e9ter \u00e0 2 voies<br \/>\n&#8211; Valve souple<br \/>\n&#8211; Ballonnet 30 ml<br \/>\n&#8211; Deux oeils sym\u00e9triques \u00e0 bords lisses<\/p>\n","protected":false},"featured_media":18966,"template":"","meta":{"_acf_changed":false},"product_brand":[],"product_cat":[1494,866],"product_tag":[],"class_list":{"0":"post-18972","1":"product","2":"type-product","3":"status-publish","4":"has-post-thumbnail","6":"product_cat-catheters-fr","7":"product_cat-instruments-chirurgicaux","9":"first","10":"onbackorder","11":"taxable","12":"shipping-taxable","13":"purchasable","14":"product-type-simple"},"acf":{"fornitore":"GIMA","standard_accessori":"","unita_misura":"conf. 50 pz."},"_links":{"self":[{"href":"https:\/\/chmedica.ch\/fr\/wp-json\/wp\/v2\/product\/18972","targetHints":{"allow":["GET"]}}],"collection":[{"href":"https:\/\/chmedica.ch\/fr\/wp-json\/wp\/v2\/product"}],"about":[{"href":"https:\/\/chmedica.ch\/fr\/wp-json\/wp\/v2\/types\/product"}],"wp:featuredmedia":[{"embeddable":true,"href":"https:\/\/chmedica.ch\/fr\/wp-json\/wp\/v2\/media\/18966"}],"wp:attachment":[{"href":"https:\/\/chmedica.ch\/fr\/wp-json\/wp\/v2\/media?parent=18972"}],"wp:term":[{"taxonomy":"product_brand","embeddable":true,"href":"https:\/\/chmedica.ch\/fr\/wp-json\/wp\/v2\/product_brand?post=18972"},{"taxonomy":"product_cat","embeddable":true,"href":"https:\/\/chmedica.ch\/fr\/wp-json\/wp\/v2\/product_cat?post=18972"},{"taxonomy":"product_tag","embeddable":true,"href":"https:\/\/chmedica.ch\/fr\/wp-json\/wp\/v2\/product_tag?post=18972"}],"curies":[{"name":"wp","href":"https:\/\/api.w.org\/{rel}","templated":true}]}}