{"id":18882,"date":"2023-06-22T15:11:58","date_gmt":"2023-06-22T13:11:58","guid":{"rendered":"https:\/\/chmedica.ch\/prodotto\/catheter-de-nelaton-ch-fr-14-homme-38-cm-sterile\/"},"modified":"2024-01-02T11:52:43","modified_gmt":"2024-01-02T10:52:43","slug":"catheter-de-nelaton-ch-fr-14-homme-38-cm-sterile","status":"publish","type":"product","link":"https:\/\/chmedica.ch\/fr\/produit\/catheter-de-nelaton-ch-fr-14-homme-38-cm-sterile\/","title":{"rendered":"CATH\u00c9TER DE N\u00c9LATON ch\/fr 14 &#8211; homme &#8211; 38 cm &#8211; st\u00e9rile"},"content":{"rendered":"","protected":false},"excerpt":{"rendered":"<p>Cath\u00e9ter de N\u00e9laton homme ch\/fr 14 &#8211; vert fonc\u00e9<\/p>\n<p>Homme: deux oeils lat\u00e9raux \u00e0 bords lisses<\/p>\n<p>&#8211; Longueur: 38 cm<br \/>\n&#8211; Jetable<br \/>\n&#8211; Sans DEHP<\/p>\n","protected":false},"featured_media":0,"template":"","meta":{"_acf_changed":false},"product_brand":[],"product_cat":[1494,866],"product_tag":[],"class_list":{"0":"post-18882","1":"product","2":"type-product","3":"status-publish","5":"product_cat-catheters-fr","6":"product_cat-instruments-chirurgicaux","8":"first","9":"onbackorder","10":"taxable","11":"shipping-taxable","12":"purchasable","13":"product-type-simple"},"acf":{"fornitore":"GIMA","standard_accessori":"","unita_misura":"conf. 100 pz."},"_links":{"self":[{"href":"https:\/\/chmedica.ch\/fr\/wp-json\/wp\/v2\/product\/18882","targetHints":{"allow":["GET"]}}],"collection":[{"href":"https:\/\/chmedica.ch\/fr\/wp-json\/wp\/v2\/product"}],"about":[{"href":"https:\/\/chmedica.ch\/fr\/wp-json\/wp\/v2\/types\/product"}],"wp:attachment":[{"href":"https:\/\/chmedica.ch\/fr\/wp-json\/wp\/v2\/media?parent=18882"}],"wp:term":[{"taxonomy":"product_brand","embeddable":true,"href":"https:\/\/chmedica.ch\/fr\/wp-json\/wp\/v2\/product_brand?post=18882"},{"taxonomy":"product_cat","embeddable":true,"href":"https:\/\/chmedica.ch\/fr\/wp-json\/wp\/v2\/product_cat?post=18882"},{"taxonomy":"product_tag","embeddable":true,"href":"https:\/\/chmedica.ch\/fr\/wp-json\/wp\/v2\/product_tag?post=18882"}],"curies":[{"name":"wp","href":"https:\/\/api.w.org\/{rel}","templated":true}]}}