{"id":16854,"date":"2023-06-22T14:54:12","date_gmt":"2023-06-22T12:54:12","guid":{"rendered":"https:\/\/chmedica.ch\/prodotto\/charlotte-fantaisie-autres-motifs-l\/"},"modified":"2024-01-02T11:28:04","modified_gmt":"2024-01-02T10:28:04","slug":"charlotte-fantaisie-autres-motifs-l","status":"publish","type":"product","link":"https:\/\/chmedica.ch\/fr\/produit\/charlotte-fantaisie-autres-motifs-l\/","title":{"rendered":"CHARLOTTE FANTAISIE &#8211; Autres motifs &#8211; L"},"content":{"rendered":"","protected":false},"excerpt":{"rendered":"<p>S\u00e9lectionner le motif de https:\/\/fr.123rf.com\/clipart-vecteurs<\/p>\n<p>\u2022 CHARLOTTE FANTAISIE &#8211; L &#8211; autres motifs<br \/>\nMinimum 200 pi\u00e8ces. Disponibles en 30 jours.<\/p>\n<p>Vaste gamme de motifs. L\u00e9g\u00e8res et confortables, pourvues de lacets r\u00e9glables.<\/p>\n<p>Disponibles en deux tailles: medium (M), conseill\u00e9e pour cheveux courts ou milongs; large (l), conseill\u00e9e pour cheveux longs et boucl\u00e9s.<\/p>\n<p>Charlottes chirurgicales 100 % de pur coton de haute qualit\u00e9, hautement respirantes. DM classe I.<\/p>\n<p>Mode d&#8217;emploi multilingue: GB, FR, IT, ES, PT, DE, GR, PL, CZ, RO, SE.<\/p>\n<p>Made in Italy.<\/p>\n","protected":false},"featured_media":0,"template":"","meta":{"_acf_changed":false},"product_brand":[],"product_cat":[1662,898],"product_tag":[],"class_list":{"0":"post-16854","1":"product","2":"type-product","3":"status-publish","5":"product_cat-capuchons","6":"product_cat-vetements-coton","8":"first","9":"onbackorder","10":"taxable","11":"shipping-taxable","12":"purchasable","13":"product-type-simple"},"acf":{"fornitore":"GIMA","standard_accessori":"","unita_misura":"1 pz."},"_links":{"self":[{"href":"https:\/\/chmedica.ch\/fr\/wp-json\/wp\/v2\/product\/16854","targetHints":{"allow":["GET"]}}],"collection":[{"href":"https:\/\/chmedica.ch\/fr\/wp-json\/wp\/v2\/product"}],"about":[{"href":"https:\/\/chmedica.ch\/fr\/wp-json\/wp\/v2\/types\/product"}],"wp:attachment":[{"href":"https:\/\/chmedica.ch\/fr\/wp-json\/wp\/v2\/media?parent=16854"}],"wp:term":[{"taxonomy":"product_brand","embeddable":true,"href":"https:\/\/chmedica.ch\/fr\/wp-json\/wp\/v2\/product_brand?post=16854"},{"taxonomy":"product_cat","embeddable":true,"href":"https:\/\/chmedica.ch\/fr\/wp-json\/wp\/v2\/product_cat?post=16854"},{"taxonomy":"product_tag","embeddable":true,"href":"https:\/\/chmedica.ch\/fr\/wp-json\/wp\/v2\/product_tag?post=16854"}],"curies":[{"name":"wp","href":"https:\/\/api.w.org\/{rel}","templated":true}]}}