{"id":16083,"date":"2023-06-22T14:50:49","date_gmt":"2023-06-22T12:50:49","guid":{"rendered":"https:\/\/chmedica.ch\/prodotto\/charlotte-fantaisie-flamants-m\/"},"modified":"2024-01-02T11:24:24","modified_gmt":"2024-01-02T10:24:24","slug":"charlotte-fantaisie-flamants-m","status":"publish","type":"product","link":"https:\/\/chmedica.ch\/fr\/produit\/charlotte-fantaisie-flamants-m\/","title":{"rendered":"CHARLOTTE FANTAISIE &#8211; Flamants &#8211; M"},"content":{"rendered":"","protected":false},"excerpt":{"rendered":"<p>Vaste gamme de motifs pour r\u00e9pondre \u00e0 toutes les exigences des professionnels de la sant\u00e9.<\/p>\n<p>L\u00e9g\u00e8res et confortables, pourvues de lacets r\u00e9glables.<\/p>\n<p>Disponibles en deux tailles: medium (M), conseill\u00e9e pour hommes et femmes aux cheveux courts ou mi-longs; large (L), conseill\u00e9e pour femmes aux cheveux longs et boucl\u00e9s.<\/p>\n<p>Charlottes chirurgicales 100 % de pur coton de haute qualit\u00e9, absorbantes, hautement respirantes. DM Classe I.<\/p>\n","protected":false},"featured_media":16059,"template":"","meta":{"_acf_changed":false},"product_brand":[],"product_cat":[1662,898],"product_tag":[],"class_list":{"0":"post-16083","1":"product","2":"type-product","3":"status-publish","4":"has-post-thumbnail","6":"product_cat-capuchons","7":"product_cat-vetements-coton","9":"first","10":"onbackorder","11":"taxable","12":"shipping-taxable","13":"purchasable","14":"product-type-simple"},"acf":{"fornitore":"GIMA","standard_accessori":"","unita_misura":"1 pz."},"_links":{"self":[{"href":"https:\/\/chmedica.ch\/fr\/wp-json\/wp\/v2\/product\/16083","targetHints":{"allow":["GET"]}}],"collection":[{"href":"https:\/\/chmedica.ch\/fr\/wp-json\/wp\/v2\/product"}],"about":[{"href":"https:\/\/chmedica.ch\/fr\/wp-json\/wp\/v2\/types\/product"}],"wp:featuredmedia":[{"embeddable":true,"href":"https:\/\/chmedica.ch\/fr\/wp-json\/wp\/v2\/media\/16059"}],"wp:attachment":[{"href":"https:\/\/chmedica.ch\/fr\/wp-json\/wp\/v2\/media?parent=16083"}],"wp:term":[{"taxonomy":"product_brand","embeddable":true,"href":"https:\/\/chmedica.ch\/fr\/wp-json\/wp\/v2\/product_brand?post=16083"},{"taxonomy":"product_cat","embeddable":true,"href":"https:\/\/chmedica.ch\/fr\/wp-json\/wp\/v2\/product_cat?post=16083"},{"taxonomy":"product_tag","embeddable":true,"href":"https:\/\/chmedica.ch\/fr\/wp-json\/wp\/v2\/product_tag?post=16083"}],"curies":[{"name":"wp","href":"https:\/\/api.w.org\/{rel}","templated":true}]}}