{"id":13170,"date":"2023-06-22T14:07:13","date_gmt":"2023-06-22T12:07:13","guid":{"rendered":"https:\/\/chmedica.ch\/prodotto\/ciseaux-a-bandage-en-acier-inox-chenille-14-cm\/"},"modified":"2024-01-02T11:07:39","modified_gmt":"2024-01-02T10:07:39","slug":"ciseaux-a-bandage-en-acier-inox-chenille-14-cm","status":"publish","type":"product","link":"https:\/\/chmedica.ch\/fr\/produit\/ciseaux-a-bandage-en-acier-inox-chenille-14-cm\/","title":{"rendered":"CISEAUX \u00c0 BANDAGE EN ACIER INOX &#8211; chenille &#8211; 14 cm"},"content":{"rendered":"","protected":false},"excerpt":{"rendered":"<p>Ciseaux infirmi\u00e8res en acier inox &#8211; 14 cm<\/p>\n<p>\u2022 Pour bandages<br \/>\n\u2022 Mod\u00e8le: chenille<\/p>\n<p>Ces instruments rev\u00eatus de poudre ne sont pas autoclavables; peuvent \u00eatre st\u00e9rilis\u00e9s \u00e0 l&rsquo;eau \u00e0 maximum 110\u00b0C<\/p>\n","protected":false},"featured_media":13146,"template":"","meta":{"_acf_changed":false},"product_brand":[],"product_cat":[1574,910],"product_tag":[],"class_list":{"0":"post-13170","1":"product","2":"type-product","3":"status-publish","4":"has-post-thumbnail","6":"product_cat-ciseaux","7":"product_cat-instrumentation-generique-inox","9":"first","10":"onbackorder","11":"taxable","12":"shipping-taxable","13":"purchasable","14":"product-type-simple"},"acf":{"fornitore":"GIMA","standard_accessori":"","unita_misura":"1 pz."},"_links":{"self":[{"href":"https:\/\/chmedica.ch\/fr\/wp-json\/wp\/v2\/product\/13170","targetHints":{"allow":["GET"]}}],"collection":[{"href":"https:\/\/chmedica.ch\/fr\/wp-json\/wp\/v2\/product"}],"about":[{"href":"https:\/\/chmedica.ch\/fr\/wp-json\/wp\/v2\/types\/product"}],"wp:featuredmedia":[{"embeddable":true,"href":"https:\/\/chmedica.ch\/fr\/wp-json\/wp\/v2\/media\/13146"}],"wp:attachment":[{"href":"https:\/\/chmedica.ch\/fr\/wp-json\/wp\/v2\/media?parent=13170"}],"wp:term":[{"taxonomy":"product_brand","embeddable":true,"href":"https:\/\/chmedica.ch\/fr\/wp-json\/wp\/v2\/product_brand?post=13170"},{"taxonomy":"product_cat","embeddable":true,"href":"https:\/\/chmedica.ch\/fr\/wp-json\/wp\/v2\/product_cat?post=13170"},{"taxonomy":"product_tag","embeddable":true,"href":"https:\/\/chmedica.ch\/fr\/wp-json\/wp\/v2\/product_tag?post=13170"}],"curies":[{"name":"wp","href":"https:\/\/api.w.org\/{rel}","templated":true}]}}