{"id":12909,"date":"2023-06-22T14:04:41","date_gmt":"2023-06-22T12:04:41","guid":{"rendered":"https:\/\/chmedica.ch\/prodotto\/montre-infirmiere-en-silicone-ronde-zebre\/"},"modified":"2024-01-02T11:05:04","modified_gmt":"2024-01-02T10:05:04","slug":"montre-infirmiere-en-silicone-ronde-zebre","status":"publish","type":"product","link":"https:\/\/chmedica.ch\/fr\/produit\/montre-infirmiere-en-silicone-ronde-zebre\/","title":{"rendered":"MONTRE INFIRMI\u00c8RE EN SILICONE &#8211; ronde &#8211; z\u00e8bre"},"content":{"rendered":"","protected":false},"excerpt":{"rendered":"<p>Montres pour infirmi\u00e8res, ronde<\/p>\n<p>Couleur: z\u00e8bre<\/p>\n<p>Montres pour infirmi\u00e8res en silicone avec \u00e9pingle de s\u00fbret\u00e9.<\/p>\n<p>Utiles pour la d\u00e9tection du battement et du pouls du patient et pour mesurer la dur\u00e9e de st\u00e9rilisation des produits.<\/p>\n<p>Conformes aux normes actuelles pour lesquelles les infirmiers ne doivent pas porter de montrebracelet.<\/p>\n<p>\u2022 Cadran montre 35 mm<br \/>\n\u2022 Longueur montre 85 mm<br \/>\n\u2022 Dur\u00e9e batterie: 18 mois \u00e0 partir d\u00e8s la premi\u00e8re utilisation<br \/>\n\u2022 Mode d&#8217;emploi: GB, FR, IT, ES, PT, DE, GR, PL, Arabe.<\/p>\n","protected":false},"featured_media":12903,"template":"","meta":{"_acf_changed":false},"product_brand":[],"product_cat":[764,1582],"product_tag":[],"class_list":{"0":"post-12909","1":"product","2":"type-product","3":"status-publish","4":"has-post-thumbnail","6":"product_cat-articles-sanitaires-pour-pharmacies","7":"product_cat-montres-ciseaux-pinces-et-accessoires-pour-infirmieres","9":"first","10":"onbackorder","11":"taxable","12":"shipping-taxable","13":"purchasable","14":"product-type-simple"},"acf":{"fornitore":"GIMA","standard_accessori":"","unita_misura":"1 pz."},"_links":{"self":[{"href":"https:\/\/chmedica.ch\/fr\/wp-json\/wp\/v2\/product\/12909","targetHints":{"allow":["GET"]}}],"collection":[{"href":"https:\/\/chmedica.ch\/fr\/wp-json\/wp\/v2\/product"}],"about":[{"href":"https:\/\/chmedica.ch\/fr\/wp-json\/wp\/v2\/types\/product"}],"wp:featuredmedia":[{"embeddable":true,"href":"https:\/\/chmedica.ch\/fr\/wp-json\/wp\/v2\/media\/12903"}],"wp:attachment":[{"href":"https:\/\/chmedica.ch\/fr\/wp-json\/wp\/v2\/media?parent=12909"}],"wp:term":[{"taxonomy":"product_brand","embeddable":true,"href":"https:\/\/chmedica.ch\/fr\/wp-json\/wp\/v2\/product_brand?post=12909"},{"taxonomy":"product_cat","embeddable":true,"href":"https:\/\/chmedica.ch\/fr\/wp-json\/wp\/v2\/product_cat?post=12909"},{"taxonomy":"product_tag","embeddable":true,"href":"https:\/\/chmedica.ch\/fr\/wp-json\/wp\/v2\/product_tag?post=12909"}],"curies":[{"name":"wp","href":"https:\/\/api.w.org\/{rel}","templated":true}]}}