{"id":115089,"date":"2023-06-23T11:43:31","date_gmt":"2023-06-23T09:43:31","guid":{"rendered":"https:\/\/chmedica.ch\/prodotto\/speculum-tache-tailles-mixtes-sterile\/"},"modified":"2024-01-02T17:59:58","modified_gmt":"2024-01-02T16:59:58","slug":"speculum-tache-tailles-mixtes-sterile","status":"publish","type":"product","link":"https:\/\/chmedica.ch\/fr\/produit\/speculum-tache-tailles-mixtes-sterile\/","title":{"rendered":"SP\u00c9CULUM TACHE &#8211; tailles mixtes &#8211; st\u00e9rile"},"content":{"rendered":"","protected":false},"excerpt":{"rendered":"<p>SP\u00c9CULUM TACHE &#8211; tailles mixtes<br \/>\n(la bo\u00eete de tailles mixtes contient 20 petits, 70 moyens et 10 grands speculums vaginaux)<\/p>\n<p>St\u00e9riles jetables.<\/p>\n","protected":false},"featured_media":115083,"template":"","meta":{"_acf_changed":false},"product_brand":[],"product_cat":[864,1558],"product_tag":[],"class_list":{"0":"post-115089","1":"product","2":"type-product","3":"status-publish","4":"has-post-thumbnail","6":"product_cat-gynecologie","7":"product_cat-speculum-a-usage-unique","9":"first","10":"onbackorder","11":"taxable","12":"shipping-taxable","13":"purchasable","14":"product-type-simple"},"acf":{"fornitore":"GIMA","standard_accessori":"","unita_misura":"conf. 100 pz."},"_links":{"self":[{"href":"https:\/\/chmedica.ch\/fr\/wp-json\/wp\/v2\/product\/115089","targetHints":{"allow":["GET"]}}],"collection":[{"href":"https:\/\/chmedica.ch\/fr\/wp-json\/wp\/v2\/product"}],"about":[{"href":"https:\/\/chmedica.ch\/fr\/wp-json\/wp\/v2\/types\/product"}],"wp:featuredmedia":[{"embeddable":true,"href":"https:\/\/chmedica.ch\/fr\/wp-json\/wp\/v2\/media\/115083"}],"wp:attachment":[{"href":"https:\/\/chmedica.ch\/fr\/wp-json\/wp\/v2\/media?parent=115089"}],"wp:term":[{"taxonomy":"product_brand","embeddable":true,"href":"https:\/\/chmedica.ch\/fr\/wp-json\/wp\/v2\/product_brand?post=115089"},{"taxonomy":"product_cat","embeddable":true,"href":"https:\/\/chmedica.ch\/fr\/wp-json\/wp\/v2\/product_cat?post=115089"},{"taxonomy":"product_tag","embeddable":true,"href":"https:\/\/chmedica.ch\/fr\/wp-json\/wp\/v2\/product_tag?post=115089"}],"curies":[{"name":"wp","href":"https:\/\/api.w.org\/{rel}","templated":true}]}}