{"id":115080,"date":"2023-06-23T11:43:05","date_gmt":"2023-06-23T09:43:05","guid":{"rendered":"https:\/\/chmedica.ch\/prodotto\/speculum-a-vis-centrale-tailles-mixtes-sterile\/"},"modified":"2024-01-02T18:00:13","modified_gmt":"2024-01-02T17:00:13","slug":"speculum-a-vis-centrale-tailles-mixtes-sterile","status":"publish","type":"product","link":"https:\/\/chmedica.ch\/fr\/produit\/speculum-a-vis-centrale-tailles-mixtes-sterile\/","title":{"rendered":"SP\u00c9CULUM \u00c0 VIS CENTRALE &#8211; tailles mixtes &#8211; st\u00e9rile"},"content":{"rendered":"","protected":false},"excerpt":{"rendered":"<p>SP\u00c9CULUM \u00c0 VIS CENTRALE  &#8211; tailles mixtes<br \/>\n(la bo\u00eete de tailles mixtes contient 20 petits, 70 moyens et 10 grands speculums vaginaux)<\/p>\n<p>St\u00e9riles jetables.<\/p>\n","protected":false},"featured_media":115074,"template":"","meta":{"_acf_changed":false},"product_brand":[],"product_cat":[864,1558],"product_tag":[],"class_list":{"0":"post-115080","1":"product","2":"type-product","3":"status-publish","4":"has-post-thumbnail","6":"product_cat-gynecologie","7":"product_cat-speculum-a-usage-unique","9":"first","10":"onbackorder","11":"taxable","12":"shipping-taxable","13":"purchasable","14":"product-type-simple"},"acf":{"fornitore":"GIMA","standard_accessori":"","unita_misura":"conf. 100 pz."},"_links":{"self":[{"href":"https:\/\/chmedica.ch\/fr\/wp-json\/wp\/v2\/product\/115080","targetHints":{"allow":["GET"]}}],"collection":[{"href":"https:\/\/chmedica.ch\/fr\/wp-json\/wp\/v2\/product"}],"about":[{"href":"https:\/\/chmedica.ch\/fr\/wp-json\/wp\/v2\/types\/product"}],"wp:featuredmedia":[{"embeddable":true,"href":"https:\/\/chmedica.ch\/fr\/wp-json\/wp\/v2\/media\/115074"}],"wp:attachment":[{"href":"https:\/\/chmedica.ch\/fr\/wp-json\/wp\/v2\/media?parent=115080"}],"wp:term":[{"taxonomy":"product_brand","embeddable":true,"href":"https:\/\/chmedica.ch\/fr\/wp-json\/wp\/v2\/product_brand?post=115080"},{"taxonomy":"product_cat","embeddable":true,"href":"https:\/\/chmedica.ch\/fr\/wp-json\/wp\/v2\/product_cat?post=115080"},{"taxonomy":"product_tag","embeddable":true,"href":"https:\/\/chmedica.ch\/fr\/wp-json\/wp\/v2\/product_tag?post=115080"}],"curies":[{"name":"wp","href":"https:\/\/api.w.org\/{rel}","templated":true}]}}