{"id":114798,"date":"2023-06-23T11:31:13","date_gmt":"2023-06-23T09:31:13","guid":{"rendered":"https:\/\/chmedica.ch\/prodotto\/kit-de-4-electrodes-rechange-pour-stim-base\/"},"modified":"2024-01-02T17:12:44","modified_gmt":"2024-01-02T16:12:44","slug":"kit-de-4-electrodes-rechange-pour-stim-base","status":"publish","type":"product","link":"https:\/\/chmedica.ch\/fr\/produit\/kit-de-4-electrodes-rechange-pour-stim-base\/","title":{"rendered":"KIT DE 4 \u00c9LECTRODES rechange POUR STIM BASE"},"content":{"rendered":"","protected":false},"excerpt":{"rendered":"<p>\u00c9LECTRODES G\u00c9LIFI\u00c9ES JETABLES &#8211; latex free<br \/>\nGrande flexibilit\u00e9 des mat\u00e9riaux pour une application facilit\u00e9 des \u00e9lectrodes sur les zones trait\u00e9es. Le gel solide conserve l\u2019adh\u00e9sion et la conductivit\u00e9 des \u00e9lectrodes durant la proc\u00e9dure.<\/p>\n","protected":false},"featured_media":114792,"template":"","meta":{"_acf_changed":false},"product_brand":[],"product_cat":[1256,828],"product_tag":[],"class_list":{"0":"post-114798","1":"product","2":"type-product","3":"status-publish","4":"has-post-thumbnail","6":"product_cat-electrotherapie-et-iontophorese","7":"product_cat-phisioterapie-et-accessoires","9":"first","10":"onbackorder","11":"taxable","12":"shipping-taxable","13":"purchasable","14":"product-type-simple"},"acf":{"fornitore":"GIMA","standard_accessori":"","unita_misura":"conf. 4 pz."},"_links":{"self":[{"href":"https:\/\/chmedica.ch\/fr\/wp-json\/wp\/v2\/product\/114798","targetHints":{"allow":["GET"]}}],"collection":[{"href":"https:\/\/chmedica.ch\/fr\/wp-json\/wp\/v2\/product"}],"about":[{"href":"https:\/\/chmedica.ch\/fr\/wp-json\/wp\/v2\/types\/product"}],"wp:featuredmedia":[{"embeddable":true,"href":"https:\/\/chmedica.ch\/fr\/wp-json\/wp\/v2\/media\/114792"}],"wp:attachment":[{"href":"https:\/\/chmedica.ch\/fr\/wp-json\/wp\/v2\/media?parent=114798"}],"wp:term":[{"taxonomy":"product_brand","embeddable":true,"href":"https:\/\/chmedica.ch\/fr\/wp-json\/wp\/v2\/product_brand?post=114798"},{"taxonomy":"product_cat","embeddable":true,"href":"https:\/\/chmedica.ch\/fr\/wp-json\/wp\/v2\/product_cat?post=114798"},{"taxonomy":"product_tag","embeddable":true,"href":"https:\/\/chmedica.ch\/fr\/wp-json\/wp\/v2\/product_tag?post=114798"}],"curies":[{"name":"wp","href":"https:\/\/api.w.org\/{rel}","templated":true}]}}