{"id":114774,"date":"2023-06-23T11:30:36","date_gmt":"2023-06-23T09:30:36","guid":{"rendered":"https:\/\/chmedica.ch\/prodotto\/ceinture-elastique-100x8-cm-pour-electrodes-reutilisables\/"},"modified":"2024-01-02T17:13:16","modified_gmt":"2024-01-02T16:13:16","slug":"ceinture-elastique-100x8-cm-pour-electrodes-reutilisables","status":"publish","type":"product","link":"https:\/\/chmedica.ch\/fr\/produit\/ceinture-elastique-100x8-cm-pour-electrodes-reutilisables\/","title":{"rendered":"CEINTURE \u00c9LASTIQUE 100&#215;8 cm pour \u00e9lectrodes r\u00e9utilisables"},"content":{"rendered":"","protected":false},"excerpt":{"rendered":"<p>Sangle \u00e9lastique velcro 100 x 8 cm pour:<\/p>\n<p>&#8211; GIMA UTC 2 AUTOMATIQUE (code 28301)<br \/>\n&#8211; APPAREIL DE MAGN\u00c9TOTH\u00c9RAPIE PROFESSIONNEL (code 28326)<br \/>\n&#8211; GIMA Mt Base Plus (code 28321).<\/p>\n","protected":false},"featured_media":114768,"template":"","meta":{"_acf_changed":false},"product_brand":[],"product_cat":[1210,828],"product_tag":[],"class_list":{"0":"post-114774","1":"product","2":"type-product","3":"status-publish","4":"has-post-thumbnail","6":"product_cat-magnetotherapie","7":"product_cat-phisioterapie-et-accessoires","9":"first","10":"onbackorder","11":"taxable","12":"shipping-taxable","13":"purchasable","14":"product-type-simple"},"acf":{"fornitore":"GIMA","standard_accessori":"","unita_misura":"1 pz."},"_links":{"self":[{"href":"https:\/\/chmedica.ch\/fr\/wp-json\/wp\/v2\/product\/114774","targetHints":{"allow":["GET"]}}],"collection":[{"href":"https:\/\/chmedica.ch\/fr\/wp-json\/wp\/v2\/product"}],"about":[{"href":"https:\/\/chmedica.ch\/fr\/wp-json\/wp\/v2\/types\/product"}],"wp:featuredmedia":[{"embeddable":true,"href":"https:\/\/chmedica.ch\/fr\/wp-json\/wp\/v2\/media\/114768"}],"wp:attachment":[{"href":"https:\/\/chmedica.ch\/fr\/wp-json\/wp\/v2\/media?parent=114774"}],"wp:term":[{"taxonomy":"product_brand","embeddable":true,"href":"https:\/\/chmedica.ch\/fr\/wp-json\/wp\/v2\/product_brand?post=114774"},{"taxonomy":"product_cat","embeddable":true,"href":"https:\/\/chmedica.ch\/fr\/wp-json\/wp\/v2\/product_cat?post=114774"},{"taxonomy":"product_tag","embeddable":true,"href":"https:\/\/chmedica.ch\/fr\/wp-json\/wp\/v2\/product_tag?post=114774"}],"curies":[{"name":"wp","href":"https:\/\/api.w.org\/{rel}","templated":true}]}}