{"id":114491,"date":"2023-06-23T11:23:17","date_gmt":"2023-06-23T09:23:17","guid":{"rendered":"https:\/\/chmedica.ch\/prodotto\/bouillotte-standard-bleue\/"},"modified":"2024-01-02T17:24:41","modified_gmt":"2024-01-02T16:24:41","slug":"bouillotte-standard-bleue","status":"publish","type":"product","link":"https:\/\/chmedica.ch\/fr\/produit\/bouillotte-standard-bleue\/","title":{"rendered":"BOUILLOTTE STANDARD &#8211; bleue"},"content":{"rendered":"","protected":false},"excerpt":{"rendered":"<p>Bouillotte d&rsquo;eau chaude 100% en caoutchouc.<\/p>\n<p>Capacit\u00e9 2 litres.<br \/>\nNervur\u00e9es des deux c\u00f4t\u00e9s.<br \/>\nConditionn\u00e9es sous sac en plastique avec mode d\u2019emploi multilingue (GB, FR, IT, DE, ES, PT, GR).<\/p>\n","protected":false},"featured_media":114485,"template":"","meta":{"_acf_changed":false},"product_brand":[],"product_cat":[848,1284],"product_tag":[],"class_list":{"0":"post-114491","1":"product","2":"type-product","3":"status-publish","4":"has-post-thumbnail","6":"product_cat-aides-pour-personnes-handicapees","7":"product_cat-petites-aides-pour-les-personnes-handicapees-et-les-personnes-agees","9":"first","10":"onbackorder","11":"taxable","12":"shipping-taxable","13":"purchasable","14":"product-type-simple"},"acf":{"fornitore":"GIMA","standard_accessori":"","unita_misura":"1 pz."},"_links":{"self":[{"href":"https:\/\/chmedica.ch\/fr\/wp-json\/wp\/v2\/product\/114491","targetHints":{"allow":["GET"]}}],"collection":[{"href":"https:\/\/chmedica.ch\/fr\/wp-json\/wp\/v2\/product"}],"about":[{"href":"https:\/\/chmedica.ch\/fr\/wp-json\/wp\/v2\/types\/product"}],"wp:featuredmedia":[{"embeddable":true,"href":"https:\/\/chmedica.ch\/fr\/wp-json\/wp\/v2\/media\/114485"}],"wp:attachment":[{"href":"https:\/\/chmedica.ch\/fr\/wp-json\/wp\/v2\/media?parent=114491"}],"wp:term":[{"taxonomy":"product_brand","embeddable":true,"href":"https:\/\/chmedica.ch\/fr\/wp-json\/wp\/v2\/product_brand?post=114491"},{"taxonomy":"product_cat","embeddable":true,"href":"https:\/\/chmedica.ch\/fr\/wp-json\/wp\/v2\/product_cat?post=114491"},{"taxonomy":"product_tag","embeddable":true,"href":"https:\/\/chmedica.ch\/fr\/wp-json\/wp\/v2\/product_tag?post=114491"}],"curies":[{"name":"wp","href":"https:\/\/api.w.org\/{rel}","templated":true}]}}