{"id":112796,"date":"2023-06-23T10:38:06","date_gmt":"2023-06-23T08:38:06","guid":{"rendered":"https:\/\/chmedica.ch\/prodotto\/electrodes-gelifiees-45x80-mm-avec-cable\/"},"modified":"2024-01-02T17:15:25","modified_gmt":"2024-01-02T16:15:25","slug":"electrodes-gelifiees-45x80-mm-avec-cable","status":"publish","type":"product","link":"https:\/\/chmedica.ch\/fr\/produit\/electrodes-gelifiees-45x80-mm-avec-cable\/","title":{"rendered":"\u00c9LECTRODES G\u00c9LIFI\u00c9ES 45&#215;80 mm avec c\u00e2ble"},"content":{"rendered":"","protected":false},"excerpt":{"rendered":"<p>\u00c9LECTRODES G\u00c9LIFI\u00c9ES JETABLES AVEC C\u00c2BLE &#8211; sans latex<br \/>\nGrande flexibilit\u00e9 des mat\u00e9riaux pour une application facilit\u00e9 des \u00e9lectrodes sur les zones trait\u00e9es. Le gel solide conserve l\u2019adh\u00e9sion et la conductivit\u00e9 des \u00e9lectrodes durant la proc\u00e9dure.<br \/>\n\u00c9lectrodes dot\u00e9es d\u2019un c\u00e2ble de 10 cm de long, avec prise de 2 mm.<\/p>\n","protected":false},"featured_media":112790,"template":"","meta":{"_acf_changed":false},"product_brand":[],"product_cat":[938,1312],"product_tag":[],"class_list":{"0":"post-112796","1":"product","2":"type-product","3":"status-publish","4":"has-post-thumbnail","6":"product_cat-electromedical-fr","7":"product_cat-tens-infrarex-et-accessoires","9":"first","10":"onbackorder","11":"taxable","12":"shipping-taxable","13":"purchasable","14":"product-type-simple"},"acf":{"fornitore":"GIMA","standard_accessori":"","unita_misura":"conf. 4 pz."},"_links":{"self":[{"href":"https:\/\/chmedica.ch\/fr\/wp-json\/wp\/v2\/product\/112796","targetHints":{"allow":["GET"]}}],"collection":[{"href":"https:\/\/chmedica.ch\/fr\/wp-json\/wp\/v2\/product"}],"about":[{"href":"https:\/\/chmedica.ch\/fr\/wp-json\/wp\/v2\/types\/product"}],"wp:featuredmedia":[{"embeddable":true,"href":"https:\/\/chmedica.ch\/fr\/wp-json\/wp\/v2\/media\/112790"}],"wp:attachment":[{"href":"https:\/\/chmedica.ch\/fr\/wp-json\/wp\/v2\/media?parent=112796"}],"wp:term":[{"taxonomy":"product_brand","embeddable":true,"href":"https:\/\/chmedica.ch\/fr\/wp-json\/wp\/v2\/product_brand?post=112796"},{"taxonomy":"product_cat","embeddable":true,"href":"https:\/\/chmedica.ch\/fr\/wp-json\/wp\/v2\/product_cat?post=112796"},{"taxonomy":"product_tag","embeddable":true,"href":"https:\/\/chmedica.ch\/fr\/wp-json\/wp\/v2\/product_tag?post=112796"}],"curies":[{"name":"wp","href":"https:\/\/api.w.org\/{rel}","templated":true}]}}