{"id":111797,"date":"2023-06-23T10:15:12","date_gmt":"2023-06-23T08:15:12","guid":{"rendered":"https:\/\/chmedica.ch\/prodotto\/poche-a-urine-100-ml-sterile\/"},"modified":"2024-01-02T17:27:49","modified_gmt":"2024-01-02T16:27:49","slug":"poche-a-urine-100-ml-sterile","status":"publish","type":"product","link":"https:\/\/chmedica.ch\/fr\/produit\/poche-a-urine-100-ml-sterile\/","title":{"rendered":"POCHE \u00c0 URINE 100 ml &#8211; st\u00e9rile"},"content":{"rendered":"","protected":false},"excerpt":{"rendered":"<p>Poche \u00e0 urine p\u00e9diatrique, en emballage individuel en plastique.<br \/>\nAdapt\u00e9e pour fi lles et gar\u00e7ons.<br \/>\nGradu\u00e9e de 10 \u00e0 100 ml, st\u00e9rile.<\/p>\n","protected":false},"featured_media":111785,"template":"","meta":{"_acf_changed":false},"product_brand":[],"product_cat":[934,1270],"product_tag":[],"class_list":{"0":"post-111797","1":"product","2":"type-product","3":"status-publish","4":"has-post-thumbnail","6":"product_cat-conteneurs-biologiques-urinaires","7":"product_cat-poches-a-urine","9":"first","10":"onbackorder","11":"taxable","12":"shipping-taxable","13":"purchasable","14":"product-type-simple"},"acf":{"fornitore":"GIMA","standard_accessori":"","unita_misura":"conf. 100 pz."},"_links":{"self":[{"href":"https:\/\/chmedica.ch\/fr\/wp-json\/wp\/v2\/product\/111797","targetHints":{"allow":["GET"]}}],"collection":[{"href":"https:\/\/chmedica.ch\/fr\/wp-json\/wp\/v2\/product"}],"about":[{"href":"https:\/\/chmedica.ch\/fr\/wp-json\/wp\/v2\/types\/product"}],"wp:featuredmedia":[{"embeddable":true,"href":"https:\/\/chmedica.ch\/fr\/wp-json\/wp\/v2\/media\/111785"}],"wp:attachment":[{"href":"https:\/\/chmedica.ch\/fr\/wp-json\/wp\/v2\/media?parent=111797"}],"wp:term":[{"taxonomy":"product_brand","embeddable":true,"href":"https:\/\/chmedica.ch\/fr\/wp-json\/wp\/v2\/product_brand?post=111797"},{"taxonomy":"product_cat","embeddable":true,"href":"https:\/\/chmedica.ch\/fr\/wp-json\/wp\/v2\/product_cat?post=111797"},{"taxonomy":"product_tag","embeddable":true,"href":"https:\/\/chmedica.ch\/fr\/wp-json\/wp\/v2\/product_tag?post=111797"}],"curies":[{"name":"wp","href":"https:\/\/api.w.org\/{rel}","templated":true}]}}