{"id":111335,"date":"2023-06-23T10:08:21","date_gmt":"2023-06-23T08:08:21","guid":{"rendered":"https:\/\/chmedica.ch\/prodotto\/enfile-chaussette\/"},"modified":"2024-01-02T17:33:16","modified_gmt":"2024-01-02T16:33:16","slug":"enfile-chaussette","status":"publish","type":"product","link":"https:\/\/chmedica.ch\/fr\/produit\/enfile-chaussette\/","title":{"rendered":"ENFILE-CHAUSSETTE"},"content":{"rendered":"","protected":false},"excerpt":{"rendered":"<p>Un cot\u00e9 en \u00e9ponge douce qui accroche \u00e0 la chaussette, un autre en nylon lisse qui permet de r\u00e9duire la friction, pour rentrer facilement le pied.<br \/>\nDeux grandes boucles sont faciles \u00e0 attraper et aident \u00e0 tirer la chaussette sur le pied.<br \/>\nId\u00e9al pour les gens ne pouvant utiliser qu\u2019une seule main ou ayant leur force ou coordination diminu\u00e9e.<\/p>\n","protected":false},"featured_media":111323,"template":"","meta":{"_acf_changed":false},"product_brand":[],"product_cat":[848,1284],"product_tag":[],"class_list":{"0":"post-111335","1":"product","2":"type-product","3":"status-publish","4":"has-post-thumbnail","6":"product_cat-aides-pour-personnes-handicapees","7":"product_cat-petites-aides-pour-les-personnes-handicapees-et-les-personnes-agees","9":"first","10":"onbackorder","11":"taxable","12":"shipping-taxable","13":"purchasable","14":"product-type-simple"},"acf":{"fornitore":"GIMA","standard_accessori":"","unita_misura":"1 pz."},"_links":{"self":[{"href":"https:\/\/chmedica.ch\/fr\/wp-json\/wp\/v2\/product\/111335","targetHints":{"allow":["GET"]}}],"collection":[{"href":"https:\/\/chmedica.ch\/fr\/wp-json\/wp\/v2\/product"}],"about":[{"href":"https:\/\/chmedica.ch\/fr\/wp-json\/wp\/v2\/types\/product"}],"wp:featuredmedia":[{"embeddable":true,"href":"https:\/\/chmedica.ch\/fr\/wp-json\/wp\/v2\/media\/111323"}],"wp:attachment":[{"href":"https:\/\/chmedica.ch\/fr\/wp-json\/wp\/v2\/media?parent=111335"}],"wp:term":[{"taxonomy":"product_brand","embeddable":true,"href":"https:\/\/chmedica.ch\/fr\/wp-json\/wp\/v2\/product_brand?post=111335"},{"taxonomy":"product_cat","embeddable":true,"href":"https:\/\/chmedica.ch\/fr\/wp-json\/wp\/v2\/product_cat?post=111335"},{"taxonomy":"product_tag","embeddable":true,"href":"https:\/\/chmedica.ch\/fr\/wp-json\/wp\/v2\/product_tag?post=111335"}],"curies":[{"name":"wp","href":"https:\/\/api.w.org\/{rel}","templated":true}]}}