{"id":111248,"date":"2023-06-23T10:07:06","date_gmt":"2023-06-23T08:07:06","guid":{"rendered":"https:\/\/chmedica.ch\/prodotto\/verre-en-plastique\/"},"modified":"2024-01-02T17:35:00","modified_gmt":"2024-01-02T16:35:00","slug":"verre-en-plastique","status":"publish","type":"product","link":"https:\/\/chmedica.ch\/fr\/produit\/verre-en-plastique\/","title":{"rendered":"VERRE en plastique"},"content":{"rendered":"","protected":false},"excerpt":{"rendered":"<p>Verre pour boire en polypropyl\u00e8ne avec robinet s\u00e9par\u00e9 et bec verseur.<\/p>\n<p>Capacit\u00e9: 250 ml gradu\u00e9 \u00e0 25 ml.<br \/>\nAutoclavable. Peut \u00eatre d\u00e9sinfect\u00e9 dans le lavevaisselle. Ne convient pas aux micro-ondes.<\/p>\n","protected":false},"featured_media":111242,"template":"","meta":{"_acf_changed":false},"product_brand":[],"product_cat":[848,1284],"product_tag":[],"class_list":{"0":"post-111248","1":"product","2":"type-product","3":"status-publish","4":"has-post-thumbnail","6":"product_cat-aides-pour-personnes-handicapees","7":"product_cat-petites-aides-pour-les-personnes-handicapees-et-les-personnes-agees","9":"first","10":"onbackorder","11":"taxable","12":"shipping-taxable","13":"purchasable","14":"product-type-simple"},"acf":{"fornitore":"GIMA","standard_accessori":"","unita_misura":"conf. 210 pz."},"_links":{"self":[{"href":"https:\/\/chmedica.ch\/fr\/wp-json\/wp\/v2\/product\/111248","targetHints":{"allow":["GET"]}}],"collection":[{"href":"https:\/\/chmedica.ch\/fr\/wp-json\/wp\/v2\/product"}],"about":[{"href":"https:\/\/chmedica.ch\/fr\/wp-json\/wp\/v2\/types\/product"}],"wp:featuredmedia":[{"embeddable":true,"href":"https:\/\/chmedica.ch\/fr\/wp-json\/wp\/v2\/media\/111242"}],"wp:attachment":[{"href":"https:\/\/chmedica.ch\/fr\/wp-json\/wp\/v2\/media?parent=111248"}],"wp:term":[{"taxonomy":"product_brand","embeddable":true,"href":"https:\/\/chmedica.ch\/fr\/wp-json\/wp\/v2\/product_brand?post=111248"},{"taxonomy":"product_cat","embeddable":true,"href":"https:\/\/chmedica.ch\/fr\/wp-json\/wp\/v2\/product_cat?post=111248"},{"taxonomy":"product_tag","embeddable":true,"href":"https:\/\/chmedica.ch\/fr\/wp-json\/wp\/v2\/product_tag?post=111248"}],"curies":[{"name":"wp","href":"https:\/\/api.w.org\/{rel}","templated":true}]}}