{"id":110996,"date":"2023-06-23T10:02:38","date_gmt":"2023-06-23T08:02:38","guid":{"rendered":"https:\/\/chmedica.ch\/prodotto\/logiciel-de-colposcopie-pour-29624-29625\/"},"modified":"2024-01-02T17:46:12","modified_gmt":"2024-01-02T16:46:12","slug":"logiciel-de-colposcopie-pour-29624-29625","status":"publish","type":"product","link":"https:\/\/chmedica.ch\/fr\/produit\/logiciel-de-colposcopie-pour-29624-29625\/","title":{"rendered":"LOGICIEL DE COLPOSCOPIE pour 29624, 29625"},"content":{"rendered":"","protected":false},"excerpt":{"rendered":"<p>LOGICIEL POUR VID\u00c9OCOLPOSCOPES \u00c0 LED (29624-5)<\/p>\n<p>Ensemble de carte de capture HDMI et logiciel professionnel pour colposcopie, comprenant: carte de capture externe, logiciel et driver U-Disc, 2 c\u00e2bles HDMI, connecteur HDMI, dongle pour connecter AC-2311 simultan\u00e9ment \u00e0 l&rsquo;ordinateur de bureau (ou portable) et au moniteur.<\/p>\n<p>Le logiciel permet d&rsquo;acqu\u00e9rir des images pour chaque visite, pour l&rsquo;analyse, le diagnostic et le d\u00e9pistage de maladies.<br \/>\nIl est utilisable au cours de l&rsquo;examen colposcopique et pour l&rsquo;observation dynamique du traitement chirurgical.<\/p>\n<p>Caract\u00e9ristiques:<br \/>\n&#8211; guide pour l&rsquo;affichage, le blocage, l&rsquo;acquisition et l&rsquo;effacement d&rsquo;images<br \/>\n&#8211; 1 \u00e0 99 images couleur pour chaque visite<br \/>\n&#8211; syst\u00e8me d&rsquo;exploitation: Windows 7, Windows 10<\/p>\n<p>175 atlas standard utiles pour comparer, analyser et diagnostiquer.<\/p>\n<p>Marquage logiciel sur les images: marquage des alt\u00e9rations pathologiques, addition de notes, mesure des dimensions des alt\u00e9rations pathologiques et grossissement partiel ou total.<\/p>\n<p>Entr\u00e9e de sympt\u00f4mes cliniques: impression de 11 types de reports, fonction d&rsquo;\u00e9valuation de l&rsquo;index colposcopique de Reid (ICR).<\/p>\n<p>Recherche et modification des informations sur les cas: les cas peuvent \u00eatre recherch\u00e9s par nom, num\u00e9ro de cas, \u00e2ge ou date et peuvent \u00eatre ajout\u00e9s, effac\u00e9s, modifi\u00e9s, m\u00e9moris\u00e9s et r\u00e9vis\u00e9s.<\/p>\n","protected":false},"featured_media":110990,"template":"","meta":{"_acf_changed":false},"product_brand":[],"product_cat":[1580,864],"product_tag":[],"class_list":{"0":"post-110996","1":"product","2":"type-product","3":"status-publish","4":"has-post-thumbnail","6":"product_cat-colposcope-fr","7":"product_cat-gynecologie","9":"first","10":"onbackorder","11":"taxable","12":"shipping-taxable","13":"purchasable","14":"product-type-simple"},"acf":{"fornitore":"GIMA","standard_accessori":"","unita_misura":"1 pz."},"_links":{"self":[{"href":"https:\/\/chmedica.ch\/fr\/wp-json\/wp\/v2\/product\/110996","targetHints":{"allow":["GET"]}}],"collection":[{"href":"https:\/\/chmedica.ch\/fr\/wp-json\/wp\/v2\/product"}],"about":[{"href":"https:\/\/chmedica.ch\/fr\/wp-json\/wp\/v2\/types\/product"}],"wp:featuredmedia":[{"embeddable":true,"href":"https:\/\/chmedica.ch\/fr\/wp-json\/wp\/v2\/media\/110990"}],"wp:attachment":[{"href":"https:\/\/chmedica.ch\/fr\/wp-json\/wp\/v2\/media?parent=110996"}],"wp:term":[{"taxonomy":"product_brand","embeddable":true,"href":"https:\/\/chmedica.ch\/fr\/wp-json\/wp\/v2\/product_brand?post=110996"},{"taxonomy":"product_cat","embeddable":true,"href":"https:\/\/chmedica.ch\/fr\/wp-json\/wp\/v2\/product_cat?post=110996"},{"taxonomy":"product_tag","embeddable":true,"href":"https:\/\/chmedica.ch\/fr\/wp-json\/wp\/v2\/product_tag?post=110996"}],"curies":[{"name":"wp","href":"https:\/\/api.w.org\/{rel}","templated":true}]}}