{"id":110783,"date":"2023-06-23T09:58:25","date_gmt":"2023-06-23T07:58:25","guid":{"rendered":"https:\/\/chmedica.ch\/prodotto\/aiguille-pour-electrolyse-en-acier-inox-k3-ballet\/"},"modified":"2024-01-02T18:02:49","modified_gmt":"2024-01-02T17:02:49","slug":"aiguille-pour-electrolyse-en-acier-inox-k3-ballet","status":"publish","type":"product","link":"https:\/\/chmedica.ch\/fr\/produit\/aiguille-pour-electrolyse-en-acier-inox-k3-ballet\/","title":{"rendered":"AIGUILLE POUR \u00c9LECTROLYSE EN ACIER INOX K3 BALLET"},"content":{"rendered":"","protected":false},"excerpt":{"rendered":"<p>AIGUILLES BALLET ST\u00c9RILES \u00c0 USAGE UNIQUE POUR \u00c9LECTROLYSE.<br \/>\nL\u2019aiguille Ballet est r\u00e9alis\u00e9e avec une d\u00e9finition tr\u00e8s pr\u00e9cise et pr\u00e9sente une surface \u00e0 miroir polie. Sa pointe conique arrondie aide l\u2019op\u00e9rateur \u00e0 localiser l\u2019ouverture du follicule et se glisse facilement \u00e0 l\u2019int\u00e9rieur de la base du follicule.<\/p>\n<p>\u2022 Aiguille K3 &#8211; 0,075 mm (0.003\u201d)<br \/>\n\u2022 Aiguilles en acier inox: id\u00e9ales pour les patients avec une peau saine et forte qui r\u00e9agissent bien au traitement d\u2019\u00e9lectrolyse.<\/p>\n","protected":false},"featured_media":110777,"template":"","meta":{"_acf_changed":false},"product_brand":[],"product_cat":[826,1290],"product_tag":[],"class_list":{"0":"post-110783","1":"product","2":"type-product","3":"status-publish","4":"has-post-thumbnail","6":"product_cat-bistouri-electrique","7":"product_cat-electrodepilateurs-et-accessoires","9":"first","10":"onbackorder","11":"taxable","12":"shipping-taxable","13":"purchasable","14":"product-type-simple"},"acf":{"fornitore":"GIMA","standard_accessori":"","unita_misura":"conf. 50 pz."},"_links":{"self":[{"href":"https:\/\/chmedica.ch\/fr\/wp-json\/wp\/v2\/product\/110783","targetHints":{"allow":["GET"]}}],"collection":[{"href":"https:\/\/chmedica.ch\/fr\/wp-json\/wp\/v2\/product"}],"about":[{"href":"https:\/\/chmedica.ch\/fr\/wp-json\/wp\/v2\/types\/product"}],"wp:featuredmedia":[{"embeddable":true,"href":"https:\/\/chmedica.ch\/fr\/wp-json\/wp\/v2\/media\/110777"}],"wp:attachment":[{"href":"https:\/\/chmedica.ch\/fr\/wp-json\/wp\/v2\/media?parent=110783"}],"wp:term":[{"taxonomy":"product_brand","embeddable":true,"href":"https:\/\/chmedica.ch\/fr\/wp-json\/wp\/v2\/product_brand?post=110783"},{"taxonomy":"product_cat","embeddable":true,"href":"https:\/\/chmedica.ch\/fr\/wp-json\/wp\/v2\/product_cat?post=110783"},{"taxonomy":"product_tag","embeddable":true,"href":"https:\/\/chmedica.ch\/fr\/wp-json\/wp\/v2\/product_tag?post=110783"}],"curies":[{"name":"wp","href":"https:\/\/api.w.org\/{rel}","templated":true}]}}