{"id":110058,"date":"2023-06-23T09:46:54","date_gmt":"2023-06-23T07:46:54","guid":{"rendered":"https:\/\/chmedica.ch\/prodotto\/buck-colore-marteau-neurologique-jaune\/"},"modified":"2024-01-02T18:44:30","modified_gmt":"2024-01-02T17:44:30","slug":"buck-colore-marteau-neurologique-jaune","status":"publish","type":"product","link":"https:\/\/chmedica.ch\/fr\/produit\/buck-colore-marteau-neurologique-jaune\/","title":{"rendered":"BUCK COLOR\u00c9 &#8211; marteau neurologique &#8211; jaune"},"content":{"rendered":"","protected":false},"excerpt":{"rendered":"<p>Marteaux \u00e0 r\u00e9flexes neurologiques sans latex: Buck Colour &#8211; jaune<\/p>\n<p>\u2022 Coloris: jaune<br \/>\n\u2022 Poign\u00e9e: laiton avec rev\u00eatement color\u00e8<br \/>\n\u2022 Broche: oui<br \/>\n\u2022 Brosse: oui<br \/>\n\u2022 Poids: 105 g<br \/>\n\u2022 Longueur: 19,5 cm<\/p>\n<p>Bo\u00eete multilingue : GB, FR, IT, ES, PT, DE, GR, Arabe.<\/p>\n","protected":false},"featured_media":110046,"template":"","meta":{"_acf_changed":false},"product_brand":[],"product_cat":[1866,940],"product_tag":[],"class_list":{"0":"post-110058","1":"product","2":"type-product","3":"status-publish","4":"has-post-thumbnail","6":"product_cat-marteaux-neurologiques","7":"product_cat-produits-orl","9":"first","10":"onbackorder","11":"taxable","12":"shipping-taxable","13":"purchasable","14":"product-type-simple"},"acf":{"fornitore":"GIMA","standard_accessori":"","unita_misura":"1 pz."},"_links":{"self":[{"href":"https:\/\/chmedica.ch\/fr\/wp-json\/wp\/v2\/product\/110058","targetHints":{"allow":["GET"]}}],"collection":[{"href":"https:\/\/chmedica.ch\/fr\/wp-json\/wp\/v2\/product"}],"about":[{"href":"https:\/\/chmedica.ch\/fr\/wp-json\/wp\/v2\/types\/product"}],"wp:featuredmedia":[{"embeddable":true,"href":"https:\/\/chmedica.ch\/fr\/wp-json\/wp\/v2\/media\/110046"}],"wp:attachment":[{"href":"https:\/\/chmedica.ch\/fr\/wp-json\/wp\/v2\/media?parent=110058"}],"wp:term":[{"taxonomy":"product_brand","embeddable":true,"href":"https:\/\/chmedica.ch\/fr\/wp-json\/wp\/v2\/product_brand?post=110058"},{"taxonomy":"product_cat","embeddable":true,"href":"https:\/\/chmedica.ch\/fr\/wp-json\/wp\/v2\/product_cat?post=110058"},{"taxonomy":"product_tag","embeddable":true,"href":"https:\/\/chmedica.ch\/fr\/wp-json\/wp\/v2\/product_tag?post=110058"}],"curies":[{"name":"wp","href":"https:\/\/api.w.org\/{rel}","templated":true}]}}