{"id":109571,"date":"2023-06-23T09:39:16","date_gmt":"2023-06-23T07:39:16","guid":{"rendered":"https:\/\/chmedica.ch\/prodotto\/ecg-de-poche-cardio-c-3-pistes\/"},"modified":"2024-01-02T20:29:07","modified_gmt":"2024-01-02T19:29:07","slug":"ecg-de-poche-cardio-c-3-pistes","status":"publish","type":"product","link":"https:\/\/chmedica.ch\/fr\/produit\/ecg-de-poche-cardio-c-3-pistes\/","title":{"rendered":"ECG DE POCHE CARDIO-C &#8211; 3 pistes"},"content":{"rendered":"<p>\u2022 Plage de mesure du rythme cardiaque: 30 &#8211; 240 bpm<br \/>\n\u2022 Pr\u00e9cision mesure du rythme cardiaque: \u00b1 2 bpm ou \u00b1 2% selon la valeur la plus \u00e9lev\u00e9e<br \/>\n\u2022 Largeur de bande ECG: 0.5Hz &#8211; 40Hz<br \/>\n\u2022 Niveau de bruit interne: = 30 \u00b5Vp-p<br \/>\n\u2022 Echelle affichage: 5.0 mm\/mV \u00b1 10%<br \/>\n\u2022 Taux de r\u00e9jection du mode commun (CMRR): = dB<br \/>\n\u2022 Vitesse de balayage de la forme d\u2019onde: 20 mm\/s \u00b1 10%<br \/>\n\u2022 Boucle de courant en entr\u00e9e: = 0.1 \u00b5a<br \/>\n\u2022 Imp\u00e9dance d\u2019entr\u00e9e: = 5 mO<br \/>\n\u2022 Alimentation: 4 piles alcalines AA<br \/>\n\u2022 Plage de tension d\u2019alimentation: 4.4 6 ~ VDC<br \/>\n\u2022 Courant de fonctionnement moyen max: = 160 mA<br \/>\n\u2022 Extinction auto: r\u00e9glable de 1 \u00e0 5 min<br \/>\n\u2022 Indication batterie faible: VDC \u00b1 0.2 VDC<br \/>\n\u2022 \u00c9cran couleurs r\u00e9elles TFT 3,5\u2019\u2019<br \/>\n\u2022 Format de poche: 13 x 9.5 x 3.2 cm<br \/>\n\u2022 M\u00e9moire interne 32 MB<\/p>\n","protected":false},"excerpt":{"rendered":"<p>&#8211; Petit, l\u00e9ger et facile \u00e0 transporter<br \/>\n&#8211; Une seule touche de prise de mesure<br \/>\n&#8211; Forme d\u2019onde ECG claire et interpr\u00e9tation des r\u00e9sultats sur \u00e9cran couleur TFT 3,5\u2019\u2019, \u00e0 matrice \u00e0 points<br \/>\n&#8211; Jusqu\u2019\u00e0 19 types de r\u00e9sultats de mesures<br \/>\n&#8211; M\u00e9moire int\u00e9gr\u00e9e tr\u00e8s \u00e9lev\u00e9e: stockage de 24 h d\u2019enregistrements, revisualisation pour forme d\u2019onde \u00e0 1 piste et 8 heures de stockage d\u2019enregistrements et revisualisation pour forme d\u2019onde \u00e0 3 pistes<br \/>\n&#8211; Prises de mesure rapides: par \u00e9lectrodes en m\u00e9tal int\u00e9gr\u00e9es, sur la paume de la main, le torse ou la jambe ou par d\u00e9rivations externes (fonctionnent avec \u00e9lectrodes d\u2019extr\u00e9mit\u00e9 et pour le torse en option)<br \/>\n&#8211; Gestion des donn\u00e9es pour revoir ou effacer les enregistrements localement ou pour les t\u00e9l\u00e9charger sur pc<br \/>\n&#8211; Fourni avec un logiciel de lecture ECG, c\u00e2ble USB, transformateur, d\u00e9rivation ECG \u00e0 4 brins, 25 \u00e9lectrodes jetables.<\/p>\n<p>Fourni avec un logiciel de lecture ECG, c\u00e2ble USB, transformateur, d\u00e9rivation ECG \u00e0 4 brins, 25 \u00e9lectrodes jetables, mode d\u2019emploi (GB, FR, IT, ES, DE, PT).<\/p>\n<p>M\u00e9thodes de prises de mesure ECG (directes ou avec d\u00e9rivations):<br \/>\n&#8211; Directement sur la jambe<br \/>\n&#8211; Directement sur le torse<br \/>\n&#8211; Directement sur la paume ou le poignet<br \/>\n&#8211; Avec d\u00e9rivation, \u00e9lectrodes pincemembres 33364<br \/>\n&#8211; Avec d\u00e9rivation, \u00e9lectrodes pour torse 33327<\/p>\n","protected":false},"featured_media":109547,"template":"","meta":{"_acf_changed":false},"product_brand":[],"product_cat":[818,1070],"product_tag":[],"class_list":{"0":"post-109571","1":"product","2":"type-product","3":"status-publish","4":"has-post-thumbnail","6":"product_cat-ecg-et-holter-ecg","7":"product_cat-electrocardiographes-portables","9":"first","10":"onbackorder","11":"taxable","12":"shipping-taxable","13":"purchasable","14":"product-type-simple"},"acf":{"fornitore":"GIMA","standard_accessori":"","unita_misura":"1 pz."},"_links":{"self":[{"href":"https:\/\/chmedica.ch\/fr\/wp-json\/wp\/v2\/product\/109571","targetHints":{"allow":["GET"]}}],"collection":[{"href":"https:\/\/chmedica.ch\/fr\/wp-json\/wp\/v2\/product"}],"about":[{"href":"https:\/\/chmedica.ch\/fr\/wp-json\/wp\/v2\/types\/product"}],"wp:featuredmedia":[{"embeddable":true,"href":"https:\/\/chmedica.ch\/fr\/wp-json\/wp\/v2\/media\/109547"}],"wp:attachment":[{"href":"https:\/\/chmedica.ch\/fr\/wp-json\/wp\/v2\/media?parent=109571"}],"wp:term":[{"taxonomy":"product_brand","embeddable":true,"href":"https:\/\/chmedica.ch\/fr\/wp-json\/wp\/v2\/product_brand?post=109571"},{"taxonomy":"product_cat","embeddable":true,"href":"https:\/\/chmedica.ch\/fr\/wp-json\/wp\/v2\/product_cat?post=109571"},{"taxonomy":"product_tag","embeddable":true,"href":"https:\/\/chmedica.ch\/fr\/wp-json\/wp\/v2\/product_tag?post=109571"}],"curies":[{"name":"wp","href":"https:\/\/api.w.org\/{rel}","templated":true}]}}