{"id":109384,"date":"2023-06-23T09:32:35","date_gmt":"2023-06-23T07:32:35","guid":{"rendered":"https:\/\/chmedica.ch\/prodotto\/manche-pour-crayon\/"},"modified":"2024-01-02T17:32:57","modified_gmt":"2024-01-02T16:32:57","slug":"manche-pour-crayon","status":"publish","type":"product","link":"https:\/\/chmedica.ch\/fr\/produit\/manche-pour-crayon\/","title":{"rendered":"MANCHE pour CRAYON"},"content":{"rendered":"","protected":false},"excerpt":{"rendered":"<p>Manche en caoutchouc pour stylos et crayons. Assistance utile pour les personnes \u00e2g\u00e9es ou handicap\u00e9es.<br \/>\nLa forme et la densit\u00e9 de ces manches ont \u00e9t\u00e9 pens\u00e9es pour soulager les contraintes et fournir une bonne prise.<\/p>\n","protected":false},"featured_media":109372,"template":"","meta":{"_acf_changed":false},"product_brand":[],"product_cat":[848,1284],"product_tag":[],"class_list":{"0":"post-109384","1":"product","2":"type-product","3":"status-publish","4":"has-post-thumbnail","6":"product_cat-aides-pour-personnes-handicapees","7":"product_cat-petites-aides-pour-les-personnes-handicapees-et-les-personnes-agees","9":"first","10":"onbackorder","11":"taxable","12":"shipping-taxable","13":"purchasable","14":"product-type-simple"},"acf":{"fornitore":"GIMA","standard_accessori":"","unita_misura":"conf. 2 pz."},"_links":{"self":[{"href":"https:\/\/chmedica.ch\/fr\/wp-json\/wp\/v2\/product\/109384","targetHints":{"allow":["GET"]}}],"collection":[{"href":"https:\/\/chmedica.ch\/fr\/wp-json\/wp\/v2\/product"}],"about":[{"href":"https:\/\/chmedica.ch\/fr\/wp-json\/wp\/v2\/types\/product"}],"wp:featuredmedia":[{"embeddable":true,"href":"https:\/\/chmedica.ch\/fr\/wp-json\/wp\/v2\/media\/109372"}],"wp:attachment":[{"href":"https:\/\/chmedica.ch\/fr\/wp-json\/wp\/v2\/media?parent=109384"}],"wp:term":[{"taxonomy":"product_brand","embeddable":true,"href":"https:\/\/chmedica.ch\/fr\/wp-json\/wp\/v2\/product_brand?post=109384"},{"taxonomy":"product_cat","embeddable":true,"href":"https:\/\/chmedica.ch\/fr\/wp-json\/wp\/v2\/product_cat?post=109384"},{"taxonomy":"product_tag","embeddable":true,"href":"https:\/\/chmedica.ch\/fr\/wp-json\/wp\/v2\/product_tag?post=109384"}],"curies":[{"name":"wp","href":"https:\/\/api.w.org\/{rel}","templated":true}]}}