{"id":109354,"date":"2023-06-23T09:32:18","date_gmt":"2023-06-23T07:32:18","guid":{"rendered":"https:\/\/chmedica.ch\/prodotto\/enfile-bouton-fermeture-eclair\/"},"modified":"2024-01-02T17:33:09","modified_gmt":"2024-01-02T16:33:09","slug":"enfile-bouton-fermeture-eclair","status":"publish","type":"product","link":"https:\/\/chmedica.ch\/fr\/produit\/enfile-bouton-fermeture-eclair\/","title":{"rendered":"ENFILE-BOUTON\/FERMETURE \u00c9CLAIR"},"content":{"rendered":"","protected":false},"excerpt":{"rendered":"<p>Pour les personnes souffrant de faiblesse ou arthrose digitale, rien de plus difficile que de boutonner ses v\u00eatements!<br \/>\nCe produit unique \u00e9limine cet inconv\u00e9nient en facilitant la manipulation des boutons et fermetures \u00e9clair.<br \/>\nSe plie en deux pour enter facilement dans la poche ou le sac \u00e0 main.<\/p>\n","protected":false},"featured_media":109342,"template":"","meta":{"_acf_changed":false},"product_brand":[],"product_cat":[848,1284],"product_tag":[],"class_list":{"0":"post-109354","1":"product","2":"type-product","3":"status-publish","4":"has-post-thumbnail","6":"product_cat-aides-pour-personnes-handicapees","7":"product_cat-petites-aides-pour-les-personnes-handicapees-et-les-personnes-agees","9":"first","10":"onbackorder","11":"taxable","12":"shipping-taxable","13":"purchasable","14":"product-type-simple"},"acf":{"fornitore":"GIMA","standard_accessori":"","unita_misura":"1 pz."},"_links":{"self":[{"href":"https:\/\/chmedica.ch\/fr\/wp-json\/wp\/v2\/product\/109354","targetHints":{"allow":["GET"]}}],"collection":[{"href":"https:\/\/chmedica.ch\/fr\/wp-json\/wp\/v2\/product"}],"about":[{"href":"https:\/\/chmedica.ch\/fr\/wp-json\/wp\/v2\/types\/product"}],"wp:featuredmedia":[{"embeddable":true,"href":"https:\/\/chmedica.ch\/fr\/wp-json\/wp\/v2\/media\/109342"}],"wp:attachment":[{"href":"https:\/\/chmedica.ch\/fr\/wp-json\/wp\/v2\/media?parent=109354"}],"wp:term":[{"taxonomy":"product_brand","embeddable":true,"href":"https:\/\/chmedica.ch\/fr\/wp-json\/wp\/v2\/product_brand?post=109354"},{"taxonomy":"product_cat","embeddable":true,"href":"https:\/\/chmedica.ch\/fr\/wp-json\/wp\/v2\/product_cat?post=109354"},{"taxonomy":"product_tag","embeddable":true,"href":"https:\/\/chmedica.ch\/fr\/wp-json\/wp\/v2\/product_tag?post=109354"}],"curies":[{"name":"wp","href":"https:\/\/api.w.org\/{rel}","templated":true}]}}