{"id":109255,"date":"2023-06-23T09:30:37","date_gmt":"2023-06-23T07:30:37","guid":{"rendered":"https:\/\/chmedica.ch\/prodotto\/ouvreur-facile\/"},"modified":"2024-01-02T17:34:35","modified_gmt":"2024-01-02T16:34:35","slug":"ouvreur-facile","status":"publish","type":"product","link":"https:\/\/chmedica.ch\/fr\/produit\/ouvreur-facile\/","title":{"rendered":"OUVREUR FACILE"},"content":{"rendered":"","protected":false},"excerpt":{"rendered":"<p>Ce produit tout-en-un facilite l&rsquo;ouverture des bouteilles capsul\u00e9es et des canettes et vient \u00e0 bout des couvercles les plus r\u00e9calcitrants!<\/p>\n<p>Con\u00e7u pour assurer la s\u00e9curit\u00e9 de l&rsquo;utilisateur.<\/p>\n","protected":false},"featured_media":109231,"template":"","meta":{"_acf_changed":false},"product_brand":[],"product_cat":[848,1284],"product_tag":[],"class_list":{"0":"post-109255","1":"product","2":"type-product","3":"status-publish","4":"has-post-thumbnail","6":"product_cat-aides-pour-personnes-handicapees","7":"product_cat-petites-aides-pour-les-personnes-handicapees-et-les-personnes-agees","9":"first","10":"onbackorder","11":"taxable","12":"shipping-taxable","13":"purchasable","14":"product-type-simple"},"acf":{"fornitore":"GIMA","standard_accessori":"","unita_misura":"1 pz."},"_links":{"self":[{"href":"https:\/\/chmedica.ch\/fr\/wp-json\/wp\/v2\/product\/109255","targetHints":{"allow":["GET"]}}],"collection":[{"href":"https:\/\/chmedica.ch\/fr\/wp-json\/wp\/v2\/product"}],"about":[{"href":"https:\/\/chmedica.ch\/fr\/wp-json\/wp\/v2\/types\/product"}],"wp:featuredmedia":[{"embeddable":true,"href":"https:\/\/chmedica.ch\/fr\/wp-json\/wp\/v2\/media\/109231"}],"wp:attachment":[{"href":"https:\/\/chmedica.ch\/fr\/wp-json\/wp\/v2\/media?parent=109255"}],"wp:term":[{"taxonomy":"product_brand","embeddable":true,"href":"https:\/\/chmedica.ch\/fr\/wp-json\/wp\/v2\/product_brand?post=109255"},{"taxonomy":"product_cat","embeddable":true,"href":"https:\/\/chmedica.ch\/fr\/wp-json\/wp\/v2\/product_cat?post=109255"},{"taxonomy":"product_tag","embeddable":true,"href":"https:\/\/chmedica.ch\/fr\/wp-json\/wp\/v2\/product_tag?post=109255"}],"curies":[{"name":"wp","href":"https:\/\/api.w.org\/{rel}","templated":true}]}}