{"id":109177,"date":"2023-06-23T09:29:38","date_gmt":"2023-06-23T07:29:38","guid":{"rendered":"https:\/\/chmedica.ch\/prodotto\/barre-dappui-545-mm\/"},"modified":"2024-01-02T17:35:19","modified_gmt":"2024-01-02T16:35:19","slug":"barre-dappui-545-mm","status":"publish","type":"product","link":"https:\/\/chmedica.ch\/fr\/produit\/barre-dappui-545-mm\/","title":{"rendered":"BARRE D&rsquo;APPUI &#8211; 545 mm"},"content":{"rendered":"","protected":false},"excerpt":{"rendered":"<p>Gamme innovante de barres d&rsquo;appui, faciles \u00e0 installer partout sans per\u00e7age ni vissage.<br \/>\nVentouses brevet\u00e9es (\u00f8 93 mm) supportant jusqu&rsquo;\u00e0 60 kg (150 lbs) verticalement et 45 kg lat\u00e9ralement.<br \/>\nEn plastique ABS r\u00e9sistant, avec indicateur rouge\/vert pour plus de s\u00e9curit\u00e9.<\/p>\n","protected":false},"featured_media":109171,"template":"","meta":{"_acf_changed":false},"product_brand":[],"product_cat":[1330,848],"product_tag":[],"class_list":{"0":"post-109177","1":"product","2":"type-product","3":"status-publish","4":"has-post-thumbnail","6":"product_cat-aides-bain-pour-les-personnes-handicapees-et-agees","7":"product_cat-aides-pour-personnes-handicapees","9":"first","10":"onbackorder","11":"taxable","12":"shipping-taxable","13":"purchasable","14":"product-type-simple"},"acf":{"fornitore":"GIMA","standard_accessori":"","unita_misura":"1 pz."},"_links":{"self":[{"href":"https:\/\/chmedica.ch\/fr\/wp-json\/wp\/v2\/product\/109177","targetHints":{"allow":["GET"]}}],"collection":[{"href":"https:\/\/chmedica.ch\/fr\/wp-json\/wp\/v2\/product"}],"about":[{"href":"https:\/\/chmedica.ch\/fr\/wp-json\/wp\/v2\/types\/product"}],"wp:featuredmedia":[{"embeddable":true,"href":"https:\/\/chmedica.ch\/fr\/wp-json\/wp\/v2\/media\/109171"}],"wp:attachment":[{"href":"https:\/\/chmedica.ch\/fr\/wp-json\/wp\/v2\/media?parent=109177"}],"wp:term":[{"taxonomy":"product_brand","embeddable":true,"href":"https:\/\/chmedica.ch\/fr\/wp-json\/wp\/v2\/product_brand?post=109177"},{"taxonomy":"product_cat","embeddable":true,"href":"https:\/\/chmedica.ch\/fr\/wp-json\/wp\/v2\/product_cat?post=109177"},{"taxonomy":"product_tag","embeddable":true,"href":"https:\/\/chmedica.ch\/fr\/wp-json\/wp\/v2\/product_tag?post=109177"}],"curies":[{"name":"wp","href":"https:\/\/api.w.org\/{rel}","templated":true}]}}