{"id":109153,"date":"2023-06-23T09:29:18","date_gmt":"2023-06-23T07:29:18","guid":{"rendered":"https:\/\/chmedica.ch\/prodotto\/barre-dappui-fixe-en-plastique-30-cm\/"},"modified":"2024-01-02T17:35:32","modified_gmt":"2024-01-02T16:35:32","slug":"barre-dappui-fixe-en-plastique-30-cm","status":"publish","type":"product","link":"https:\/\/chmedica.ch\/fr\/produit\/barre-dappui-fixe-en-plastique-30-cm\/","title":{"rendered":"BARRE D&rsquo;APPUI FIXE EN PLASTIQUE &#8211; 30 cm"},"content":{"rendered":"","protected":false},"excerpt":{"rendered":"<p>Barre \u00e0 rayures en plastique en PVC m\u00e9dical, avec plaques de fixation en ABS et couvre vis. Vis non comprises. Isolation \u00e9lectrique. Les rayures permettent \u00e0 la main de ne pas glisser et rendent la barre plus confortable.<br \/>\nPossibilit\u00e9 de placer la barre en position horizontale ou verticale.<br \/>\nTube \u00d8 3,5 cm.<br \/>\nCharge maximale: 120 kg (205 lb).<br \/>\nMode d&#8217;emploi: GB, IT.<br \/>\nFabriqu\u00e9 en Italie.<\/p>\n","protected":false},"featured_media":109141,"template":"","meta":{"_acf_changed":false},"product_brand":[],"product_cat":[1330,848],"product_tag":[],"class_list":{"0":"post-109153","1":"product","2":"type-product","3":"status-publish","4":"has-post-thumbnail","6":"product_cat-aides-bain-pour-les-personnes-handicapees-et-agees","7":"product_cat-aides-pour-personnes-handicapees","9":"first","10":"onbackorder","11":"taxable","12":"shipping-taxable","13":"purchasable","14":"product-type-simple"},"acf":{"fornitore":"GIMA","standard_accessori":"","unita_misura":"1 pz."},"_links":{"self":[{"href":"https:\/\/chmedica.ch\/fr\/wp-json\/wp\/v2\/product\/109153","targetHints":{"allow":["GET"]}}],"collection":[{"href":"https:\/\/chmedica.ch\/fr\/wp-json\/wp\/v2\/product"}],"about":[{"href":"https:\/\/chmedica.ch\/fr\/wp-json\/wp\/v2\/types\/product"}],"wp:featuredmedia":[{"embeddable":true,"href":"https:\/\/chmedica.ch\/fr\/wp-json\/wp\/v2\/media\/109141"}],"wp:attachment":[{"href":"https:\/\/chmedica.ch\/fr\/wp-json\/wp\/v2\/media?parent=109153"}],"wp:term":[{"taxonomy":"product_brand","embeddable":true,"href":"https:\/\/chmedica.ch\/fr\/wp-json\/wp\/v2\/product_brand?post=109153"},{"taxonomy":"product_cat","embeddable":true,"href":"https:\/\/chmedica.ch\/fr\/wp-json\/wp\/v2\/product_cat?post=109153"},{"taxonomy":"product_tag","embeddable":true,"href":"https:\/\/chmedica.ch\/fr\/wp-json\/wp\/v2\/product_tag?post=109153"}],"curies":[{"name":"wp","href":"https:\/\/api.w.org\/{rel}","templated":true}]}}