{"id":109021,"date":"2023-06-23T09:27:35","date_gmt":"2023-06-23T07:27:35","guid":{"rendered":"https:\/\/chmedica.ch\/prodotto\/disque-de-grosesse\/"},"modified":"2024-01-02T17:36:29","modified_gmt":"2024-01-02T16:36:29","slug":"disque-de-grosesse","status":"publish","type":"product","link":"https:\/\/chmedica.ch\/fr\/produit\/disque-de-grosesse\/","title":{"rendered":"DISQUE DE GROSESSE"},"content":{"rendered":"","protected":false},"excerpt":{"rendered":"<p>DISQUE DE GROSSESSE<\/p>\n<p>Pr\u00e9voit la future date de naissance du foetus.<\/p>\n<p>Utilis\u00e9 par les obst\u00e9triciens et les praticiens.<\/p>\n<p>Utile pour l&rsquo;\u00e9valuation de l&rsquo;administration des m\u00e9dicaments.<\/p>\n<p>2 disques rotatifs rivet\u00e9s au centre: \u00d8 108 mm (base), \u00d8 76 mm (haut).<\/p>\n<p>Peut \u00eatre personnalis\u00e9 avec votre logo (minimum 1000 unit\u00e9s).<\/p>\n","protected":false},"featured_media":109009,"template":"","meta":{"_acf_changed":false},"product_brand":[],"product_cat":[864,1616],"product_tag":[],"class_list":{"0":"post-109021","1":"product","2":"type-product","3":"status-publish","4":"has-post-thumbnail","6":"product_cat-gynecologie","7":"product_cat-tests-gynecologiques","9":"first","10":"onbackorder","11":"taxable","12":"shipping-taxable","13":"purchasable","14":"product-type-simple"},"acf":{"fornitore":"GIMA","standard_accessori":"","unita_misura":"conf. 10 pz."},"_links":{"self":[{"href":"https:\/\/chmedica.ch\/fr\/wp-json\/wp\/v2\/product\/109021","targetHints":{"allow":["GET"]}}],"collection":[{"href":"https:\/\/chmedica.ch\/fr\/wp-json\/wp\/v2\/product"}],"about":[{"href":"https:\/\/chmedica.ch\/fr\/wp-json\/wp\/v2\/types\/product"}],"wp:featuredmedia":[{"embeddable":true,"href":"https:\/\/chmedica.ch\/fr\/wp-json\/wp\/v2\/media\/109009"}],"wp:attachment":[{"href":"https:\/\/chmedica.ch\/fr\/wp-json\/wp\/v2\/media?parent=109021"}],"wp:term":[{"taxonomy":"product_brand","embeddable":true,"href":"https:\/\/chmedica.ch\/fr\/wp-json\/wp\/v2\/product_brand?post=109021"},{"taxonomy":"product_cat","embeddable":true,"href":"https:\/\/chmedica.ch\/fr\/wp-json\/wp\/v2\/product_cat?post=109021"},{"taxonomy":"product_tag","embeddable":true,"href":"https:\/\/chmedica.ch\/fr\/wp-json\/wp\/v2\/product_tag?post=109021"}],"curies":[{"name":"wp","href":"https:\/\/api.w.org\/{rel}","templated":true}]}}