{"id":108271,"date":"2023-06-23T09:14:48","date_gmt":"2023-06-23T07:14:48","guid":{"rendered":"https:\/\/chmedica.ch\/prodotto\/aiguille-pour-amniocentese-20-g-x-180-mm-sterile\/"},"modified":"2024-01-02T17:46:38","modified_gmt":"2024-01-02T16:46:38","slug":"aiguille-pour-amniocentese-20-g-x-180-mm-sterile","status":"publish","type":"product","link":"https:\/\/chmedica.ch\/fr\/produit\/aiguille-pour-amniocentese-20-g-x-180-mm-sterile\/","title":{"rendered":"AIGUILLE POUR AMNIOCENT\u00c8SE 20 G x 180 mm &#8211; st\u00e9rile"},"content":{"rendered":"","protected":false},"excerpt":{"rendered":"<p>Pour le pr\u00e9l\u00e8vement transabdominal de liquide amniotique (g\u00e9n\u00e9ralement entre la 15\u00e8me et 18\u00e8me semaine de grossesse) et le diagnostic pr\u00e9natal de troubles g\u00e9n\u00e9tiques du f\u0153tus.<\/p>\n<p>Utilis\u00e9es pour les \u00e9tudes cytog\u00e9n\u00e9tiques et biochimiques.<br \/>\nLa pointe affil\u00e9e de l&rsquo;aiguille permet une insertion facile et atraumatique.<br \/>\nLe mandrin est dot\u00e9 d&rsquo;un embout d\u00e9tectable par<br \/>\nultrasons pour une insertion \u00e9cho-guid\u00e9e et les diff\u00e9rentes tailles d&rsquo;aiguille sont identifiables gr\u00e2ce \u00e0 un code de couleur.<\/p>\n<p>L&rsquo;aiguille comporte une but\u00e9e ajustable pour d\u00e9terminer la profondeur d&rsquo;insertion et un raccord Luer Lock femelle pour pr\u00e9lever le liquide amniotique \u00e0 l&rsquo;aide d&rsquo;une seringue.<\/p>\n<p>Fabriqu\u00e9es en Italie.<\/p>\n","protected":false},"featured_media":0,"template":"","meta":{"_acf_changed":false},"product_brand":[],"product_cat":[1572,906],"product_tag":[],"class_list":{"0":"post-108271","1":"product","2":"type-product","3":"status-publish","5":"product_cat-aiguilles-damniocentese","6":"product_cat-gynecologie-accouchement","8":"first","9":"onbackorder","10":"taxable","11":"shipping-taxable","12":"purchasable","13":"product-type-simple"},"acf":{"fornitore":"GIMA","standard_accessori":"","unita_misura":"conf. 25 pz."},"_links":{"self":[{"href":"https:\/\/chmedica.ch\/fr\/wp-json\/wp\/v2\/product\/108271","targetHints":{"allow":["GET"]}}],"collection":[{"href":"https:\/\/chmedica.ch\/fr\/wp-json\/wp\/v2\/product"}],"about":[{"href":"https:\/\/chmedica.ch\/fr\/wp-json\/wp\/v2\/types\/product"}],"wp:attachment":[{"href":"https:\/\/chmedica.ch\/fr\/wp-json\/wp\/v2\/media?parent=108271"}],"wp:term":[{"taxonomy":"product_brand","embeddable":true,"href":"https:\/\/chmedica.ch\/fr\/wp-json\/wp\/v2\/product_brand?post=108271"},{"taxonomy":"product_cat","embeddable":true,"href":"https:\/\/chmedica.ch\/fr\/wp-json\/wp\/v2\/product_cat?post=108271"},{"taxonomy":"product_tag","embeddable":true,"href":"https:\/\/chmedica.ch\/fr\/wp-json\/wp\/v2\/product_tag?post=108271"}],"curies":[{"name":"wp","href":"https:\/\/api.w.org\/{rel}","templated":true}]}}