{"id":107953,"date":"2023-06-23T09:10:59","date_gmt":"2023-06-23T07:10:59","guid":{"rendered":"https:\/\/chmedica.ch\/prodotto\/speculum-de-cusco-inox-moyen-isole-pour-homme-et-femme\/"},"modified":"2024-01-02T17:49:52","modified_gmt":"2024-01-02T16:49:52","slug":"speculum-de-cusco-inox-moyen-isole-pour-homme-et-femme","status":"publish","type":"product","link":"https:\/\/chmedica.ch\/fr\/produit\/speculum-de-cusco-inox-moyen-isole-pour-homme-et-femme\/","title":{"rendered":"SP\u00c9CULUM DE CUSCO INOX &#8211; MOYEN isol\u00e9 pour Homme et Femme"},"content":{"rendered":"","protected":false},"excerpt":{"rendered":"<p>Sp\u00e9culum de Cusco en acier inox HF &#8211; moyen<\/p>\n<p>Avec isolation pour applications HF et raccord aspiration.<\/p>\n","protected":false},"featured_media":107947,"template":"","meta":{"_acf_changed":false},"product_brand":[],"product_cat":[864,1660],"product_tag":[],"class_list":{"0":"post-107953","1":"product","2":"type-product","3":"status-publish","4":"has-post-thumbnail","6":"product_cat-gynecologie","7":"product_cat-speculum-inox-fr","9":"first","10":"onbackorder","11":"taxable","12":"shipping-taxable","13":"purchasable","14":"product-type-simple"},"acf":{"fornitore":"GIMA","standard_accessori":"","unita_misura":"1 pz."},"_links":{"self":[{"href":"https:\/\/chmedica.ch\/fr\/wp-json\/wp\/v2\/product\/107953","targetHints":{"allow":["GET"]}}],"collection":[{"href":"https:\/\/chmedica.ch\/fr\/wp-json\/wp\/v2\/product"}],"about":[{"href":"https:\/\/chmedica.ch\/fr\/wp-json\/wp\/v2\/types\/product"}],"wp:featuredmedia":[{"embeddable":true,"href":"https:\/\/chmedica.ch\/fr\/wp-json\/wp\/v2\/media\/107947"}],"wp:attachment":[{"href":"https:\/\/chmedica.ch\/fr\/wp-json\/wp\/v2\/media?parent=107953"}],"wp:term":[{"taxonomy":"product_brand","embeddable":true,"href":"https:\/\/chmedica.ch\/fr\/wp-json\/wp\/v2\/product_brand?post=107953"},{"taxonomy":"product_cat","embeddable":true,"href":"https:\/\/chmedica.ch\/fr\/wp-json\/wp\/v2\/product_cat?post=107953"},{"taxonomy":"product_tag","embeddable":true,"href":"https:\/\/chmedica.ch\/fr\/wp-json\/wp\/v2\/product_tag?post=107953"}],"curies":[{"name":"wp","href":"https:\/\/api.w.org\/{rel}","templated":true}]}}