{"id":107458,"date":"2023-06-23T09:01:53","date_gmt":"2023-06-23T07:01:53","guid":{"rendered":"https:\/\/chmedica.ch\/prodotto\/speculum-sterile-perno-grand\/"},"modified":"2024-01-02T17:57:02","modified_gmt":"2024-01-02T16:57:02","slug":"speculum-sterile-perno-grand","status":"publish","type":"product","link":"https:\/\/chmedica.ch\/fr\/produit\/speculum-sterile-perno-grand\/","title":{"rendered":"SP\u00c9CULUM ST\u00c9RILE PERNO &#8211; grand"},"content":{"rendered":"<p>0<\/p>\n","protected":false},"excerpt":{"rendered":"<p>Sp\u00e9culum PERNO &#8211; grand \u00d8 30 mm<\/p>\n<p>SP\u00c9CULUM PERNO &#8211; avec levier de r\u00e9glage central &#8211; st\u00e9rile<\/p>\n<p>Permet la dilatation du canal vaginal pour laisser appara\u00eetre le col de l&rsquo;ut\u00e9rus.<br \/>\nL&rsquo;ouverture vaginale peut \u00eatre ajust\u00e9e en positionnant les valves et en verrouillant le levier central.<br \/>\nSa surface lisse et ses bords arrondis rendent l&rsquo;introduction plus confortable.<br \/>\nLe levier central peut \u00eatre repli\u00e9 pour faciliter l&rsquo;introduction d&rsquo;instruments encombrants.<\/p>\n<p>3 tailles identifi\u00e9es par diff\u00e9rentes couleurs de leviers.<br \/>\nFabriqu\u00e9 en Europe.<\/p>\n","protected":false},"featured_media":107452,"template":"","meta":{"_acf_changed":false},"product_brand":[],"product_cat":[864,1558],"product_tag":[],"class_list":{"0":"post-107458","1":"product","2":"type-product","3":"status-publish","4":"has-post-thumbnail","6":"product_cat-gynecologie","7":"product_cat-speculum-a-usage-unique","9":"first","10":"onbackorder","11":"taxable","12":"shipping-taxable","13":"purchasable","14":"product-type-simple"},"acf":{"fornitore":"GIMA","standard_accessori":"","unita_misura":"conf. 120 pz."},"_links":{"self":[{"href":"https:\/\/chmedica.ch\/fr\/wp-json\/wp\/v2\/product\/107458","targetHints":{"allow":["GET"]}}],"collection":[{"href":"https:\/\/chmedica.ch\/fr\/wp-json\/wp\/v2\/product"}],"about":[{"href":"https:\/\/chmedica.ch\/fr\/wp-json\/wp\/v2\/types\/product"}],"wp:featuredmedia":[{"embeddable":true,"href":"https:\/\/chmedica.ch\/fr\/wp-json\/wp\/v2\/media\/107452"}],"wp:attachment":[{"href":"https:\/\/chmedica.ch\/fr\/wp-json\/wp\/v2\/media?parent=107458"}],"wp:term":[{"taxonomy":"product_brand","embeddable":true,"href":"https:\/\/chmedica.ch\/fr\/wp-json\/wp\/v2\/product_brand?post=107458"},{"taxonomy":"product_cat","embeddable":true,"href":"https:\/\/chmedica.ch\/fr\/wp-json\/wp\/v2\/product_cat?post=107458"},{"taxonomy":"product_tag","embeddable":true,"href":"https:\/\/chmedica.ch\/fr\/wp-json\/wp\/v2\/product_tag?post=107458"}],"curies":[{"name":"wp","href":"https:\/\/api.w.org\/{rel}","templated":true}]}}