{"id":107362,"date":"2023-06-23T09:00:26","date_gmt":"2023-06-23T07:00:26","guid":{"rendered":"https:\/\/chmedica.ch\/prodotto\/ensemble-amnioscope-complet\/"},"modified":"2024-01-02T17:58:21","modified_gmt":"2024-01-02T16:58:21","slug":"ensemble-amnioscope-complet","status":"publish","type":"product","link":"https:\/\/chmedica.ch\/fr\/produit\/ensemble-amnioscope-complet\/","title":{"rendered":"ENSEMBLE AMNIOSCOPE COMPLET"},"content":{"rendered":"","protected":false},"excerpt":{"rendered":"<p>JEU D&rsquo;AMNIOSCOPE inclut 29971\/2\/3\/5 et 30840<\/p>\n<p>Jeu de 3 tubes avec obturateur de 200 mm de long, \u00d8 12, 16 et 20 mm et bride pour \u00e9clairage par F.O.<\/p>\n<p>Tubes gradu\u00e9s en cm, dot\u00e9s d&rsquo;une extr\u00e9mit\u00e9 arrondie; supportent tous les proc\u00e9d\u00e9s de st\u00e9rilisation.<\/p>\n<p>Livr\u00e9 dans une trousse en cordura (27129).<\/p>\n<p>Pour les \u00e9clairer: source lumineuse GIMA 150 (code 30801), adaptateur (code 30830), c\u00e2ble en F. O. (code 30818).<\/p>\n<p>Le tube simple n\u00e9cessite d&rsquo;un adaptateur pour bride (code 30840), et bride (29975).<\/p>\n","protected":false},"featured_media":107338,"template":"","meta":{"_acf_changed":false},"product_brand":[],"product_cat":[1604,864],"product_tag":[],"class_list":{"0":"post-107362","1":"product","2":"type-product","3":"status-publish","4":"has-post-thumbnail","6":"product_cat-amnioscope-proctoscope-anoscope-sigmoidoscope-en-acier","7":"product_cat-gynecologie","9":"first","10":"onbackorder","11":"taxable","12":"shipping-taxable","13":"purchasable","14":"product-type-simple"},"acf":{"fornitore":"GIMA","standard_accessori":"","unita_misura":"1 pz."},"_links":{"self":[{"href":"https:\/\/chmedica.ch\/fr\/wp-json\/wp\/v2\/product\/107362","targetHints":{"allow":["GET"]}}],"collection":[{"href":"https:\/\/chmedica.ch\/fr\/wp-json\/wp\/v2\/product"}],"about":[{"href":"https:\/\/chmedica.ch\/fr\/wp-json\/wp\/v2\/types\/product"}],"wp:featuredmedia":[{"embeddable":true,"href":"https:\/\/chmedica.ch\/fr\/wp-json\/wp\/v2\/media\/107338"}],"wp:attachment":[{"href":"https:\/\/chmedica.ch\/fr\/wp-json\/wp\/v2\/media?parent=107362"}],"wp:term":[{"taxonomy":"product_brand","embeddable":true,"href":"https:\/\/chmedica.ch\/fr\/wp-json\/wp\/v2\/product_brand?post=107362"},{"taxonomy":"product_cat","embeddable":true,"href":"https:\/\/chmedica.ch\/fr\/wp-json\/wp\/v2\/product_cat?post=107362"},{"taxonomy":"product_tag","embeddable":true,"href":"https:\/\/chmedica.ch\/fr\/wp-json\/wp\/v2\/product_tag?post=107362"}],"curies":[{"name":"wp","href":"https:\/\/api.w.org\/{rel}","templated":true}]}}