{"id":107281,"date":"2023-06-23T08:59:44","date_gmt":"2023-06-23T06:59:44","guid":{"rendered":"https:\/\/chmedica.ch\/prodotto\/speculum-sterile-cusco-petit\/"},"modified":"2024-01-02T17:58:53","modified_gmt":"2024-01-02T16:58:53","slug":"speculum-sterile-cusco-petit","status":"publish","type":"product","link":"https:\/\/chmedica.ch\/fr\/produit\/speculum-sterile-cusco-petit\/","title":{"rendered":"SP\u00c9CULUM ST\u00c9RILE CUSCO &#8211; petit"},"content":{"rendered":"<p>0<\/p>\n","protected":false},"excerpt":{"rendered":"<p>Sp\u00e9culum de CUSCO &#8211; petit 85 x 20 mm<\/p>\n<p>Sp\u00e9culum jetable avec r\u00e9glage progressif par vis. Fabriqu\u00e9 dans une mati\u00e8re transparente non toxique de grande qualit\u00e9, livr\u00e9 en emballage individuel sous vide et st\u00e9rilis\u00e9 \u00e0 l&rsquo;oxyde d&rsquo;\u00e9thyl\u00e8ne.<\/p>\n<p>St\u00e9rilisation garantie par une \u00e9tiquette sp\u00e9ciale de contr\u00f4le qualit\u00e9 appos\u00e9e sur chaque emballage.<\/p>\n<p>Disponible en 3 tailles identifi\u00e9es par diff\u00e9rentes couleurs de vis.<br \/>\nFabriqu\u00e9 en Europe.<\/p>\n","protected":false},"featured_media":0,"template":"","meta":{"_acf_changed":false},"product_brand":[],"product_cat":[864,1558],"product_tag":[],"class_list":{"0":"post-107281","1":"product","2":"type-product","3":"status-publish","5":"product_cat-gynecologie","6":"product_cat-speculum-a-usage-unique","8":"first","9":"onbackorder","10":"taxable","11":"shipping-taxable","12":"purchasable","13":"product-type-simple"},"acf":{"fornitore":"GIMA","standard_accessori":"","unita_misura":"conf. 120 pz."},"_links":{"self":[{"href":"https:\/\/chmedica.ch\/fr\/wp-json\/wp\/v2\/product\/107281","targetHints":{"allow":["GET"]}}],"collection":[{"href":"https:\/\/chmedica.ch\/fr\/wp-json\/wp\/v2\/product"}],"about":[{"href":"https:\/\/chmedica.ch\/fr\/wp-json\/wp\/v2\/types\/product"}],"wp:attachment":[{"href":"https:\/\/chmedica.ch\/fr\/wp-json\/wp\/v2\/media?parent=107281"}],"wp:term":[{"taxonomy":"product_brand","embeddable":true,"href":"https:\/\/chmedica.ch\/fr\/wp-json\/wp\/v2\/product_brand?post=107281"},{"taxonomy":"product_cat","embeddable":true,"href":"https:\/\/chmedica.ch\/fr\/wp-json\/wp\/v2\/product_cat?post=107281"},{"taxonomy":"product_tag","embeddable":true,"href":"https:\/\/chmedica.ch\/fr\/wp-json\/wp\/v2\/product_tag?post=107281"}],"curies":[{"name":"wp","href":"https:\/\/api.w.org\/{rel}","templated":true}]}}