{"id":107254,"date":"2023-06-23T08:59:07","date_gmt":"2023-06-23T06:59:07","guid":{"rendered":"https:\/\/chmedica.ch\/prodotto\/speculum-a-vis-laterale-grand-sterile\/"},"modified":"2024-01-02T17:59:38","modified_gmt":"2024-01-02T16:59:38","slug":"speculum-a-vis-laterale-grand-sterile","status":"publish","type":"product","link":"https:\/\/chmedica.ch\/fr\/produit\/speculum-a-vis-laterale-grand-sterile\/","title":{"rendered":"SP\u00c9CULUM \u00c0 VIS LAT\u00c9RALE &#8211; grand &#8211; st\u00e9rile"},"content":{"rendered":"","protected":false},"excerpt":{"rendered":"<p>SP\u00c9CULUM \u00c0 VIS LAT\u00c9RALE &#8211; grand \u00d8 33 mm<\/p>\n<p>Sp\u00e9culum jetable st\u00e9rile avec r\u00e9glage progressif gr\u00e2ce \u00e0 une vis.<\/p>\n","protected":false},"featured_media":0,"template":"","meta":{"_acf_changed":false},"product_brand":[],"product_cat":[864,1558],"product_tag":[],"class_list":{"0":"post-107254","1":"product","2":"type-product","3":"status-publish","5":"product_cat-gynecologie","6":"product_cat-speculum-a-usage-unique","8":"first","9":"onbackorder","10":"taxable","11":"shipping-taxable","12":"purchasable","13":"product-type-simple"},"acf":{"fornitore":"GIMA","standard_accessori":"","unita_misura":"conf. 100 pz."},"_links":{"self":[{"href":"https:\/\/chmedica.ch\/fr\/wp-json\/wp\/v2\/product\/107254","targetHints":{"allow":["GET"]}}],"collection":[{"href":"https:\/\/chmedica.ch\/fr\/wp-json\/wp\/v2\/product"}],"about":[{"href":"https:\/\/chmedica.ch\/fr\/wp-json\/wp\/v2\/types\/product"}],"wp:attachment":[{"href":"https:\/\/chmedica.ch\/fr\/wp-json\/wp\/v2\/media?parent=107254"}],"wp:term":[{"taxonomy":"product_brand","embeddable":true,"href":"https:\/\/chmedica.ch\/fr\/wp-json\/wp\/v2\/product_brand?post=107254"},{"taxonomy":"product_cat","embeddable":true,"href":"https:\/\/chmedica.ch\/fr\/wp-json\/wp\/v2\/product_cat?post=107254"},{"taxonomy":"product_tag","embeddable":true,"href":"https:\/\/chmedica.ch\/fr\/wp-json\/wp\/v2\/product_tag?post=107254"}],"curies":[{"name":"wp","href":"https:\/\/api.w.org\/{rel}","templated":true}]}}