{"id":106384,"date":"2023-06-23T08:46:25","date_gmt":"2023-06-23T06:46:25","guid":{"rendered":"https:\/\/chmedica.ch\/prodotto\/pinceau-pour-electrodes\/"},"modified":"2024-01-02T18:10:44","modified_gmt":"2024-01-02T17:10:44","slug":"pinceau-pour-electrodes","status":"publish","type":"product","link":"https:\/\/chmedica.ch\/fr\/produit\/pinceau-pour-electrodes\/","title":{"rendered":"PINCEAU pour \u00c9LECTRODES"},"content":{"rendered":"","protected":false},"excerpt":{"rendered":"<p>\u00c9PONGE POUR \u00c9LECTRODES &#8211; 50 x 50 mm.<\/p>\n<p>Tampon abrasif radio-opaque st\u00e9rile et jetable pour nettoyer les pointes des \u00e9lectrodes.<\/p>\n","protected":false},"featured_media":106378,"template":"","meta":{"_acf_changed":false},"product_brand":[],"product_cat":[826,1458],"product_tag":[],"class_list":{"0":"post-106384","1":"product","2":"type-product","3":"status-publish","4":"has-post-thumbnail","6":"product_cat-bistouri-electrique","7":"product_cat-electrodes-fr","9":"first","10":"onbackorder","11":"taxable","12":"shipping-taxable","13":"purchasable","14":"product-type-simple"},"acf":{"fornitore":"GIMA","standard_accessori":"","unita_misura":"conf. 100 pz."},"_links":{"self":[{"href":"https:\/\/chmedica.ch\/fr\/wp-json\/wp\/v2\/product\/106384","targetHints":{"allow":["GET"]}}],"collection":[{"href":"https:\/\/chmedica.ch\/fr\/wp-json\/wp\/v2\/product"}],"about":[{"href":"https:\/\/chmedica.ch\/fr\/wp-json\/wp\/v2\/types\/product"}],"wp:featuredmedia":[{"embeddable":true,"href":"https:\/\/chmedica.ch\/fr\/wp-json\/wp\/v2\/media\/106378"}],"wp:attachment":[{"href":"https:\/\/chmedica.ch\/fr\/wp-json\/wp\/v2\/media?parent=106384"}],"wp:term":[{"taxonomy":"product_brand","embeddable":true,"href":"https:\/\/chmedica.ch\/fr\/wp-json\/wp\/v2\/product_brand?post=106384"},{"taxonomy":"product_cat","embeddable":true,"href":"https:\/\/chmedica.ch\/fr\/wp-json\/wp\/v2\/product_cat?post=106384"},{"taxonomy":"product_tag","embeddable":true,"href":"https:\/\/chmedica.ch\/fr\/wp-json\/wp\/v2\/product_tag?post=106384"}],"curies":[{"name":"wp","href":"https:\/\/api.w.org\/{rel}","templated":true}]}}