{"id":105298,"date":"2023-06-23T08:31:55","date_gmt":"2023-06-23T06:31:55","guid":{"rendered":"https:\/\/chmedica.ch\/prodotto\/electrode-aiguille-15cm-jetable-sterile\/"},"modified":"2024-01-02T18:23:20","modified_gmt":"2024-01-02T17:23:20","slug":"electrode-aiguille-15cm-jetable-sterile","status":"publish","type":"product","link":"https:\/\/chmedica.ch\/fr\/produit\/electrode-aiguille-15cm-jetable-sterile\/","title":{"rendered":"\u00c9LECTRODE AIGUILLE &#8211; 15cm &#8211; jetable &#8211; st\u00e9rile"},"content":{"rendered":"","protected":false},"excerpt":{"rendered":"<p>\u00c9LECTRODES ST\u00c9RILES \u00c0 USAGE UNIQUE \u00d8 2,4 mm<br \/>\n\u00c9lectrode aiguille, \u00e0 usage unique, st\u00e9rile<br \/>\nLongueur: 15 cm<\/p>\n","protected":false},"featured_media":105292,"template":"","meta":{"_acf_changed":false},"product_brand":[],"product_cat":[826,1458],"product_tag":[],"class_list":{"0":"post-105298","1":"product","2":"type-product","3":"status-publish","4":"has-post-thumbnail","6":"product_cat-bistouri-electrique","7":"product_cat-electrodes-fr","9":"first","10":"onbackorder","11":"taxable","12":"shipping-taxable","13":"purchasable","14":"product-type-simple"},"acf":{"fornitore":"GIMA","standard_accessori":"","unita_misura":"conf. 24 pz."},"_links":{"self":[{"href":"https:\/\/chmedica.ch\/fr\/wp-json\/wp\/v2\/product\/105298","targetHints":{"allow":["GET"]}}],"collection":[{"href":"https:\/\/chmedica.ch\/fr\/wp-json\/wp\/v2\/product"}],"about":[{"href":"https:\/\/chmedica.ch\/fr\/wp-json\/wp\/v2\/types\/product"}],"wp:featuredmedia":[{"embeddable":true,"href":"https:\/\/chmedica.ch\/fr\/wp-json\/wp\/v2\/media\/105292"}],"wp:attachment":[{"href":"https:\/\/chmedica.ch\/fr\/wp-json\/wp\/v2\/media?parent=105298"}],"wp:term":[{"taxonomy":"product_brand","embeddable":true,"href":"https:\/\/chmedica.ch\/fr\/wp-json\/wp\/v2\/product_brand?post=105298"},{"taxonomy":"product_cat","embeddable":true,"href":"https:\/\/chmedica.ch\/fr\/wp-json\/wp\/v2\/product_cat?post=105298"},{"taxonomy":"product_tag","embeddable":true,"href":"https:\/\/chmedica.ch\/fr\/wp-json\/wp\/v2\/product_tag?post=105298"}],"curies":[{"name":"wp","href":"https:\/\/api.w.org\/{rel}","templated":true}]}}