{"id":104530,"date":"2023-06-23T08:22:00","date_gmt":"2023-06-23T06:22:00","guid":{"rendered":"https:\/\/chmedica.ch\/prodotto\/cable-en-f-o-48x3000-mm-sans-adaptateur\/"},"modified":"2024-01-02T18:32:12","modified_gmt":"2024-01-02T17:32:12","slug":"cable-en-f-o-48x3000-mm-sans-adaptateur","status":"publish","type":"product","link":"https:\/\/chmedica.ch\/fr\/produit\/cable-en-f-o-48x3000-mm-sans-adaptateur\/","title":{"rendered":"C\u00c2BLE EN F.O. 4,8&#215;3000 mm &#8211; sans adaptateur"},"content":{"rendered":"","protected":false},"excerpt":{"rendered":"<p>C\u00e2ble pour lampes chirurgicales haute transmission, blind\u00e9 mais tr\u00e8s souple, aux caract\u00e9ristiques uniques:<br \/>\n&#8211; pas de claquage<br \/>\n&#8211; retenue par Kevlar et protection par gaine en silicone<br \/>\n&#8211; autoclavage \u00e0 la vapeur garanti 12 mois<br \/>\n&#8211; extr\u00e9mit\u00e9 lumineuse thermor\u00e9sistante jusqu&rsquo;\u00e0 134\u00b0C<br \/>\n&#8211; r\u00e9sistant \u00e0 l&rsquo;entortillement<br \/>\n&#8211; aucune interf\u00e9rence \u00e9lectrique avec les unit\u00e9s de chirurgie endoscopique<br \/>\n&#8211; embouts en acier inox r\u00e9sistants \u00e0 l&rsquo;usure et \u00e0 la corrosion.<br \/>\n&#8211; possibilit\u00e9 d&rsquo;utiliser les c\u00e2bles avec des sources lumineuses\/instruments halog\u00e8nes d&rsquo;autres fabricants gr\u00e2ce \u00e0 des adaptateurs en acier inox<\/p>\n","protected":false},"featured_media":0,"template":"","meta":{"_acf_changed":false},"product_brand":[],"product_cat":[1806,858],"product_tag":[],"class_list":{"0":"post-104530","1":"product","2":"type-product","3":"status-publish","5":"product_cat-cables-fo-connecteurs-et-adaptateurs-fonte-di-luce-cavi-f-o-connettori","6":"product_cat-source-lumineuse-cables-f-o-connecteurs","8":"first","9":"onbackorder","10":"taxable","11":"shipping-taxable","12":"purchasable","13":"product-type-simple"},"acf":{"fornitore":"GIMA","standard_accessori":"","unita_misura":"1 pz."},"_links":{"self":[{"href":"https:\/\/chmedica.ch\/fr\/wp-json\/wp\/v2\/product\/104530","targetHints":{"allow":["GET"]}}],"collection":[{"href":"https:\/\/chmedica.ch\/fr\/wp-json\/wp\/v2\/product"}],"about":[{"href":"https:\/\/chmedica.ch\/fr\/wp-json\/wp\/v2\/types\/product"}],"wp:attachment":[{"href":"https:\/\/chmedica.ch\/fr\/wp-json\/wp\/v2\/media?parent=104530"}],"wp:term":[{"taxonomy":"product_brand","embeddable":true,"href":"https:\/\/chmedica.ch\/fr\/wp-json\/wp\/v2\/product_brand?post=104530"},{"taxonomy":"product_cat","embeddable":true,"href":"https:\/\/chmedica.ch\/fr\/wp-json\/wp\/v2\/product_cat?post=104530"},{"taxonomy":"product_tag","embeddable":true,"href":"https:\/\/chmedica.ch\/fr\/wp-json\/wp\/v2\/product_tag?post=104530"}],"curies":[{"name":"wp","href":"https:\/\/api.w.org\/{rel}","templated":true}]}}