{"id":104347,"date":"2023-06-23T08:19:50","date_gmt":"2023-06-23T06:19:50","guid":{"rendered":"https:\/\/chmedica.ch\/prodotto\/verres-grossissants-smart\/"},"modified":"2024-01-02T18:33:57","modified_gmt":"2024-01-02T17:33:57","slug":"verres-grossissants-smart","status":"publish","type":"product","link":"https:\/\/chmedica.ch\/fr\/produit\/verres-grossissants-smart\/","title":{"rendered":"VERRES GROSSISSANTS SMART"},"content":{"rendered":"","protected":false},"excerpt":{"rendered":"<p>VERRES GROSSISSANTS SMART 2,5X<\/p>\n<p>Monture dot\u00e9e de verres grossissants tr\u00e8s utiles lorsque le m\u00e9decin a besoin d\u2019agrandir le champ de vision.<br \/>\nL\u00e9g\u00e8re, elle peut \u00eatre pli\u00e9e et port\u00e9e sur les lunettes.<br \/>\nL&rsquo;objectif avec zoom 2,5X peut \u00eatre inclin\u00e9 pour une mise au point optimale.<\/p>\n","protected":false},"featured_media":104317,"template":"","meta":{"_acf_changed":false},"product_brand":[],"product_cat":[950,1824],"product_tag":[],"class_list":{"0":"post-104347","1":"product","2":"type-product","3":"status-publish","4":"has-post-thumbnail","6":"product_cat-lunette-et-casques","7":"product_cat-lunettes-grossissantes","9":"first","10":"onbackorder","11":"taxable","12":"shipping-taxable","13":"purchasable","14":"product-type-simple"},"acf":{"fornitore":"GIMA","standard_accessori":"","unita_misura":"1 pz."},"_links":{"self":[{"href":"https:\/\/chmedica.ch\/fr\/wp-json\/wp\/v2\/product\/104347","targetHints":{"allow":["GET"]}}],"collection":[{"href":"https:\/\/chmedica.ch\/fr\/wp-json\/wp\/v2\/product"}],"about":[{"href":"https:\/\/chmedica.ch\/fr\/wp-json\/wp\/v2\/types\/product"}],"wp:featuredmedia":[{"embeddable":true,"href":"https:\/\/chmedica.ch\/fr\/wp-json\/wp\/v2\/media\/104317"}],"wp:attachment":[{"href":"https:\/\/chmedica.ch\/fr\/wp-json\/wp\/v2\/media?parent=104347"}],"wp:term":[{"taxonomy":"product_brand","embeddable":true,"href":"https:\/\/chmedica.ch\/fr\/wp-json\/wp\/v2\/product_brand?post=104347"},{"taxonomy":"product_cat","embeddable":true,"href":"https:\/\/chmedica.ch\/fr\/wp-json\/wp\/v2\/product_cat?post=104347"},{"taxonomy":"product_tag","embeddable":true,"href":"https:\/\/chmedica.ch\/fr\/wp-json\/wp\/v2\/product_tag?post=104347"}],"curies":[{"name":"wp","href":"https:\/\/api.w.org\/{rel}","templated":true}]}}