{"id":103894,"date":"2023-06-23T08:15:50","date_gmt":"2023-06-23T06:15:50","guid":{"rendered":"https:\/\/chmedica.ch\/prodotto\/microscope-biologique-40-1000x\/"},"modified":"2024-01-02T18:37:41","modified_gmt":"2024-01-02T17:37:41","slug":"microscope-biologique-40-1000x","status":"publish","type":"product","link":"https:\/\/chmedica.ch\/fr\/produit\/microscope-biologique-40-1000x\/","title":{"rendered":"MICROSCOPE BIOLOGIQUE &#8211; 40 &#8211; 1000X"},"content":{"rendered":"","protected":false},"excerpt":{"rendered":"<p>MICROSCOPE BIOLOGIQUE &#8211; 40X \u00e0 1 000X<\/p>\n<p>&#8211; t\u00eate binoculaire sans compensation inclin\u00e9e \u00e0 30\u00b0<br \/>\n&#8211; oculaire 10X (champ de 18 mm)<br \/>\n&#8211; objectifs achromatiques 4X, 10X, 40X (s), 100X (s, huile)<br \/>\n&#8211; grossissement total 40X, 100X, 400X, 1 000X, suivant l\u2019objectif utilis\u00e9<br \/>\n&#8211; r\u00e9glage de l\u2019\u00e9cartement des yeux: de 55 \u00e0 75 mm<br \/>\n&#8211; \u00e9tape m\u00e9canique, double couche de 125 x 135 mm<br \/>\n&#8211; plage de mouvement: 75 x 35 mm<br \/>\n&#8211; condensateur Abbe avec diaphragme d\u2019iris et filtre<br \/>\n&#8211; lampe halog\u00e8ne de 6 V, 20 W<br \/>\n&#8211; r\u00e9glage de luminosit\u00e9<br \/>\n&#8211; alimentation: commutable 110-220 V, 50 Hz<\/p>\n<p>Manuel: GB, FR, IT, ES, PT, DE, GR, Arabe.<\/p>\n<p>\u2022 Syst\u00e8me binoculaire<br \/>\n\u2022 Quatre objectifs<br \/>\n\u2022 Molette de r\u00e9glage pr\u00e9cis de mise au point avec incr\u00e9ment minimum de 0,002 mm<\/p>\n","protected":false},"featured_media":103888,"template":"","meta":{"_acf_changed":false},"product_brand":[],"product_cat":[890,1862],"product_tag":[],"class_list":{"0":"post-103894","1":"product","2":"type-product","3":"status-publish","4":"has-post-thumbnail","6":"product_cat-laboratoires-centrifuges-et-microscopes","7":"product_cat-microscopes-fr","9":"first","10":"onbackorder","11":"taxable","12":"shipping-taxable","13":"purchasable","14":"product-type-simple"},"acf":{"fornitore":"GIMA","standard_accessori":"","unita_misura":"1 pz."},"_links":{"self":[{"href":"https:\/\/chmedica.ch\/fr\/wp-json\/wp\/v2\/product\/103894","targetHints":{"allow":["GET"]}}],"collection":[{"href":"https:\/\/chmedica.ch\/fr\/wp-json\/wp\/v2\/product"}],"about":[{"href":"https:\/\/chmedica.ch\/fr\/wp-json\/wp\/v2\/types\/product"}],"wp:featuredmedia":[{"embeddable":true,"href":"https:\/\/chmedica.ch\/fr\/wp-json\/wp\/v2\/media\/103888"}],"wp:attachment":[{"href":"https:\/\/chmedica.ch\/fr\/wp-json\/wp\/v2\/media?parent=103894"}],"wp:term":[{"taxonomy":"product_brand","embeddable":true,"href":"https:\/\/chmedica.ch\/fr\/wp-json\/wp\/v2\/product_brand?post=103894"},{"taxonomy":"product_cat","embeddable":true,"href":"https:\/\/chmedica.ch\/fr\/wp-json\/wp\/v2\/product_cat?post=103894"},{"taxonomy":"product_tag","embeddable":true,"href":"https:\/\/chmedica.ch\/fr\/wp-json\/wp\/v2\/product_tag?post=103894"}],"curies":[{"name":"wp","href":"https:\/\/api.w.org\/{rel}","templated":true}]}}