{"id":103231,"date":"2023-06-23T08:07:46","date_gmt":"2023-06-23T06:07:46","guid":{"rendered":"https:\/\/chmedica.ch\/prodotto\/kit-neurologique-3-marteaux\/"},"modified":"2024-01-02T18:45:11","modified_gmt":"2024-01-02T17:45:11","slug":"kit-neurologique-3-marteaux","status":"publish","type":"product","link":"https:\/\/chmedica.ch\/fr\/produit\/kit-neurologique-3-marteaux\/","title":{"rendered":"KIT NEUROLOGIQUE &#8211; 3 marteaux"},"content":{"rendered":"","protected":false},"excerpt":{"rendered":"<p>Ce kit comprend 3 marteaux en m\u00e9tal dans une bo\u00eete rembourr\u00e9e de mousse: <\/p>\n<p>&#8211; Marteaux Tylor<br \/>\n&#8211; Marteaux Buck<br \/>\n&#8211; Marteaux Babinsky<\/p>\n","protected":false},"featured_media":103207,"template":"","meta":{"_acf_changed":false},"product_brand":[],"product_cat":[1866,940],"product_tag":[],"class_list":{"0":"post-103231","1":"product","2":"type-product","3":"status-publish","4":"has-post-thumbnail","6":"product_cat-marteaux-neurologiques","7":"product_cat-produits-orl","9":"first","10":"onbackorder","11":"taxable","12":"shipping-taxable","13":"purchasable","14":"product-type-simple"},"acf":{"fornitore":"GIMA","standard_accessori":"","unita_misura":"1 pz."},"_links":{"self":[{"href":"https:\/\/chmedica.ch\/fr\/wp-json\/wp\/v2\/product\/103231","targetHints":{"allow":["GET"]}}],"collection":[{"href":"https:\/\/chmedica.ch\/fr\/wp-json\/wp\/v2\/product"}],"about":[{"href":"https:\/\/chmedica.ch\/fr\/wp-json\/wp\/v2\/types\/product"}],"wp:featuredmedia":[{"embeddable":true,"href":"https:\/\/chmedica.ch\/fr\/wp-json\/wp\/v2\/media\/103207"}],"wp:attachment":[{"href":"https:\/\/chmedica.ch\/fr\/wp-json\/wp\/v2\/media?parent=103231"}],"wp:term":[{"taxonomy":"product_brand","embeddable":true,"href":"https:\/\/chmedica.ch\/fr\/wp-json\/wp\/v2\/product_brand?post=103231"},{"taxonomy":"product_cat","embeddable":true,"href":"https:\/\/chmedica.ch\/fr\/wp-json\/wp\/v2\/product_cat?post=103231"},{"taxonomy":"product_tag","embeddable":true,"href":"https:\/\/chmedica.ch\/fr\/wp-json\/wp\/v2\/product_tag?post=103231"}],"curies":[{"name":"wp","href":"https:\/\/api.w.org\/{rel}","templated":true}]}}