{"id":102562,"date":"2023-06-23T07:59:44","date_gmt":"2023-06-23T05:59:44","guid":{"rendered":"https:\/\/chmedica.ch\/prodotto\/curettes-mixtes-avec-lumiere-lentille-eclairage-led\/"},"modified":"2024-01-02T18:51:40","modified_gmt":"2024-01-02T17:51:40","slug":"curettes-mixtes-avec-lumiere-lentille-eclairage-led","status":"publish","type":"product","link":"https:\/\/chmedica.ch\/fr\/produit\/curettes-mixtes-avec-lumiere-lentille-eclairage-led\/","title":{"rendered":"CURETTES MIXTES AVEC LUMI\u00c8RE + lentille + \u00e9clairage LED"},"content":{"rendered":"","protected":false},"excerpt":{"rendered":"<p>EU DE CURETTES LUMINEUSES<\/p>\n<p>50 curettes diff\u00e9rentes (8 FlexLoop et 7 de chacun des autres 6 mod\u00e8les) + \u00e9clairage \u00e0 LED + lentilles grossissantes.<\/p>\n","protected":false},"featured_media":102550,"template":"","meta":{"_acf_changed":false},"product_brand":[],"product_cat":[1720,940],"product_tag":[],"class_list":{"0":"post-102562","1":"product","2":"type-product","3":"status-publish","4":"has-post-thumbnail","6":"product_cat-curettes-auriculaires-bionix-et-gima","7":"product_cat-produits-orl","9":"first","10":"onbackorder","11":"taxable","12":"shipping-taxable","13":"purchasable","14":"product-type-simple"},"acf":{"fornitore":"GIMA","standard_accessori":"","unita_misura":"conf. 50 pz."},"_links":{"self":[{"href":"https:\/\/chmedica.ch\/fr\/wp-json\/wp\/v2\/product\/102562","targetHints":{"allow":["GET"]}}],"collection":[{"href":"https:\/\/chmedica.ch\/fr\/wp-json\/wp\/v2\/product"}],"about":[{"href":"https:\/\/chmedica.ch\/fr\/wp-json\/wp\/v2\/types\/product"}],"wp:featuredmedia":[{"embeddable":true,"href":"https:\/\/chmedica.ch\/fr\/wp-json\/wp\/v2\/media\/102550"}],"wp:attachment":[{"href":"https:\/\/chmedica.ch\/fr\/wp-json\/wp\/v2\/media?parent=102562"}],"wp:term":[{"taxonomy":"product_brand","embeddable":true,"href":"https:\/\/chmedica.ch\/fr\/wp-json\/wp\/v2\/product_brand?post=102562"},{"taxonomy":"product_cat","embeddable":true,"href":"https:\/\/chmedica.ch\/fr\/wp-json\/wp\/v2\/product_cat?post=102562"},{"taxonomy":"product_tag","embeddable":true,"href":"https:\/\/chmedica.ch\/fr\/wp-json\/wp\/v2\/product_tag?post=102562"}],"curies":[{"name":"wp","href":"https:\/\/api.w.org\/{rel}","templated":true}]}}