{"id":102547,"date":"2023-06-23T07:59:36","date_gmt":"2023-06-23T05:59:36","guid":{"rendered":"https:\/\/chmedica.ch\/prodotto\/kit-de-5-canules-en-plastique-reutilisables\/"},"modified":"2024-01-02T18:51:46","modified_gmt":"2024-01-02T17:51:46","slug":"kit-de-5-canules-en-plastique-reutilisables","status":"publish","type":"product","link":"https:\/\/chmedica.ch\/fr\/produit\/kit-de-5-canules-en-plastique-reutilisables\/","title":{"rendered":"KIT DE 5 CANULES EN PLASTIQUE R\u00c9UTILISABLES"},"content":{"rendered":"<p>\u2022 Caract\u00e9ristiques des sp\u00e9culums auriculaires autoclavables GIMA<\/p>\n<p>&#8211; Fabriqu\u00e9s avec des mat\u00e9riaux thermoplastiques r\u00e9sistants<br \/>\n&#8211; Surface lisse et brillante assurant un nettoyage facile<br \/>\n&#8211; Fermeture \u00e0 ba\u00efonnette m\u00e9tallique pour ajustement ais\u00e9 \u00e0 l&rsquo;otoscope<br \/>\n&#8211; Autoclavable \u00e0 134\u00b0C<\/p>\n","protected":false},"excerpt":{"rendered":"<p>Speculum autoclavable pour otoscopes Parker: Sans latex<br \/>\nKit de 5 sp\u00e9culums autoclavables \u00d8 2.5 &#8211; 3.5 &#8211; 4.5 &#8211; 5.5 &#8211; 9 mm<br \/>\nUtilisables avec les codes article GIMA: 31435-37, 31440-42, 31471, 31473, 31475, 31477,31480<br \/>\n\u00c9galement compatibles avec: Heine, Kawe, Riester<br \/>\nColoris: noir<\/p>\n","protected":false},"featured_media":102541,"template":"","meta":{"_acf_changed":false},"product_brand":[],"product_cat":[922,1732],"product_tag":[],"class_list":{"0":"post-102547","1":"product","2":"type-product","3":"status-publish","4":"has-post-thumbnail","6":"product_cat-diagnostic-veterinaire","7":"product_cat-oto-ophtalmoscopes-veterinaire","9":"first","10":"onbackorder","11":"taxable","12":"shipping-taxable","13":"purchasable","14":"product-type-simple"},"acf":{"fornitore":"GIMA","standard_accessori":"","unita_misura":"conf. 5 pz."},"_links":{"self":[{"href":"https:\/\/chmedica.ch\/fr\/wp-json\/wp\/v2\/product\/102547","targetHints":{"allow":["GET"]}}],"collection":[{"href":"https:\/\/chmedica.ch\/fr\/wp-json\/wp\/v2\/product"}],"about":[{"href":"https:\/\/chmedica.ch\/fr\/wp-json\/wp\/v2\/types\/product"}],"wp:featuredmedia":[{"embeddable":true,"href":"https:\/\/chmedica.ch\/fr\/wp-json\/wp\/v2\/media\/102541"}],"wp:attachment":[{"href":"https:\/\/chmedica.ch\/fr\/wp-json\/wp\/v2\/media?parent=102547"}],"wp:term":[{"taxonomy":"product_brand","embeddable":true,"href":"https:\/\/chmedica.ch\/fr\/wp-json\/wp\/v2\/product_brand?post=102547"},{"taxonomy":"product_cat","embeddable":true,"href":"https:\/\/chmedica.ch\/fr\/wp-json\/wp\/v2\/product_cat?post=102547"},{"taxonomy":"product_tag","embeddable":true,"href":"https:\/\/chmedica.ch\/fr\/wp-json\/wp\/v2\/product_tag?post=102547"}],"curies":[{"name":"wp","href":"https:\/\/api.w.org\/{rel}","templated":true}]}}