{"id":102313,"date":"2023-06-23T07:57:24","date_gmt":"2023-06-23T05:57:24","guid":{"rendered":"https:\/\/chmedica.ch\/prodotto\/ceraspoon-jaune\/"},"modified":"2024-01-02T18:53:14","modified_gmt":"2024-01-02T17:53:14","slug":"ceraspoon-jaune","status":"publish","type":"product","link":"https:\/\/chmedica.ch\/fr\/produit\/ceraspoon-jaune\/","title":{"rendered":"CERASPOON &#8211; jaune"},"content":{"rendered":"","protected":false},"excerpt":{"rendered":"<p>Avec nos quatre diff\u00e9rents types de curettes, vous disposez de la solution la plus s\u00fbre,  efficace et \u00e9conomique pour extraire les bouchons de c\u00e9rumen, quelle que soit leur  taille ou leur consistance. <\/p>\n<p>&#8211; Confort du patient: les curettes en m\u00e9tal sont froides, dures au contact et coupantes. Les  curettes auriculaires GIMA sont munies d&rsquo;un embout en plastique arrondi pour limiter  l&rsquo;agression de l&rsquo;oreille et le risque de coupure. Sans latex.<br \/>\n&#8211; Efficacit\u00e9: les curettes auriculaires offrent la  m\u00eame efficacit\u00e9 que les mod\u00e8les en m\u00e9tal dans la plupart des situations, sans compter que leur conception en polypropyl\u00e8ne les rend incassables.<br \/>\n&#8211; \u00c9limination: les curettes auriculaires ne n\u00e9cessitent pas de st\u00e9rilisation fastidieuse ni on\u00e9reuse et \u00e9liminent tout risque de  contamination crois\u00e9e.<\/p>\n","protected":false},"featured_media":102301,"template":"","meta":{"_acf_changed":false},"product_brand":[],"product_cat":[1720,940],"product_tag":[],"class_list":{"0":"post-102313","1":"product","2":"type-product","3":"status-publish","4":"has-post-thumbnail","6":"product_cat-curettes-auriculaires-bionix-et-gima","7":"product_cat-produits-orl","9":"first","10":"onbackorder","11":"taxable","12":"shipping-taxable","13":"purchasable","14":"product-type-simple"},"acf":{"fornitore":"GIMA","standard_accessori":"","unita_misura":"conf. 50 pz."},"_links":{"self":[{"href":"https:\/\/chmedica.ch\/fr\/wp-json\/wp\/v2\/product\/102313","targetHints":{"allow":["GET"]}}],"collection":[{"href":"https:\/\/chmedica.ch\/fr\/wp-json\/wp\/v2\/product"}],"about":[{"href":"https:\/\/chmedica.ch\/fr\/wp-json\/wp\/v2\/types\/product"}],"wp:featuredmedia":[{"embeddable":true,"href":"https:\/\/chmedica.ch\/fr\/wp-json\/wp\/v2\/media\/102301"}],"wp:attachment":[{"href":"https:\/\/chmedica.ch\/fr\/wp-json\/wp\/v2\/media?parent=102313"}],"wp:term":[{"taxonomy":"product_brand","embeddable":true,"href":"https:\/\/chmedica.ch\/fr\/wp-json\/wp\/v2\/product_brand?post=102313"},{"taxonomy":"product_cat","embeddable":true,"href":"https:\/\/chmedica.ch\/fr\/wp-json\/wp\/v2\/product_cat?post=102313"},{"taxonomy":"product_tag","embeddable":true,"href":"https:\/\/chmedica.ch\/fr\/wp-json\/wp\/v2\/product_tag?post=102313"}],"curies":[{"name":"wp","href":"https:\/\/api.w.org\/{rel}","templated":true}]}}