{"id":101977,"date":"2023-06-23T07:53:45","date_gmt":"2023-06-23T05:53:45","guid":{"rendered":"https:\/\/chmedica.ch\/prodotto\/centre-de-diagnostic-xenon-ri-former-35-230-v-standard\/"},"modified":"2024-01-02T19:12:17","modified_gmt":"2024-01-02T18:12:17","slug":"centre-de-diagnostic-xenon-ri-former-35-230-v-standard","status":"publish","type":"product","link":"https:\/\/chmedica.ch\/fr\/produit\/centre-de-diagnostic-xenon-ri-former-35-230-v-standard\/","title":{"rendered":"CENTRE DE DIAGNOSTIC X\u00c9NON RI-FORMER &#8211; 3,5-230 V &#8211; Standard"},"content":{"rendered":"","protected":false},"excerpt":{"rendered":"<p>Le centre de diagnostic s&rsquo;adapte \u00e0 tous les besoins et toutes les installations, extensible aussi bien \u00e0 gauche qu&rsquo;\u00e0 droite. Le module ri-former\u00ae de base est disponible avec une seule poign\u00e9e et peut \u00eatre combin\u00e9 \u00e0 4 autres modules de poign\u00e9e suppl\u00e9mentaires.<\/p>\n<p>&#8211; \u00c9clairage au x\u00e9non ou \u00e0 DEL de 3,5 V permettant de recr\u00e9er la lumi\u00e8re du jour<br \/>\n&#8211; Efficacit\u00e9 \u00e9lectronique optimale gr\u00e2ce \u00e0 un interrupteur r\u00e9glable<br \/>\n&#8211; Tension de sortie constante ind\u00e9pendante de l&rsquo;alimentation secteur prolongeant la dur\u00e9e de vie utile des lampes et garantissant une intensit\u00e9 d&rsquo;\u00e9clairage optimale<br \/>\n&#8211; Activation automatique des poign\u00e9es lors de leur retrait ou de leur remise en place sur l&rsquo;unit\u00e9 favorisant les \u00e9conomies d&rsquo;\u00e9nergie tout en prolongeant la dur\u00e9e de vie utile des lampes<br \/>\n&#8211; Poign\u00e9es ergonomiques antid\u00e9rapantes avec rh\u00e9ostat: r\u00e9glage de l&rsquo;intensit\u00e9 de l&rsquo;\u00e9clairage et activation\/d\u00e9sactivation possible \u00e0 partir de la poign\u00e9e<br \/>\n&#8211; Cordon spiral extensible jusqu&rsquo;\u00e0 3 m<br \/>\n&#8211; Con\u00e7ue et developp\u00e9e en Allemagne<\/p>\n","protected":false},"featured_media":101974,"template":"","meta":{"_acf_changed":false},"product_brand":[],"product_cat":[940,1784],"product_tag":[],"class_list":{"0":"post-101977","1":"product","2":"type-product","3":"status-publish","4":"has-post-thumbnail","6":"product_cat-produits-orl","7":"product_cat-station-de-diagnostic-mural-riester","9":"first","10":"onbackorder","11":"taxable","12":"shipping-taxable","13":"purchasable","14":"product-type-simple"},"acf":{"fornitore":"GIMA","standard_accessori":"","unita_misura":"1 pz."},"_links":{"self":[{"href":"https:\/\/chmedica.ch\/fr\/wp-json\/wp\/v2\/product\/101977","targetHints":{"allow":["GET"]}}],"collection":[{"href":"https:\/\/chmedica.ch\/fr\/wp-json\/wp\/v2\/product"}],"about":[{"href":"https:\/\/chmedica.ch\/fr\/wp-json\/wp\/v2\/types\/product"}],"wp:featuredmedia":[{"embeddable":true,"href":"https:\/\/chmedica.ch\/fr\/wp-json\/wp\/v2\/media\/101974"}],"wp:attachment":[{"href":"https:\/\/chmedica.ch\/fr\/wp-json\/wp\/v2\/media?parent=101977"}],"wp:term":[{"taxonomy":"product_brand","embeddable":true,"href":"https:\/\/chmedica.ch\/fr\/wp-json\/wp\/v2\/product_brand?post=101977"},{"taxonomy":"product_cat","embeddable":true,"href":"https:\/\/chmedica.ch\/fr\/wp-json\/wp\/v2\/product_cat?post=101977"},{"taxonomy":"product_tag","embeddable":true,"href":"https:\/\/chmedica.ch\/fr\/wp-json\/wp\/v2\/product_tag?post=101977"}],"curies":[{"name":"wp","href":"https:\/\/api.w.org\/{rel}","templated":true}]}}