{"id":101560,"date":"2023-06-23T07:49:18","date_gmt":"2023-06-23T05:49:18","guid":{"rendered":"https:\/\/chmedica.ch\/prodotto\/stetho-double-tete-classic-y-bleu-royal\/"},"modified":"2024-01-02T19:36:34","modified_gmt":"2024-01-02T18:36:34","slug":"stetho-double-tete-classic-y-bleu-royal","status":"publish","type":"product","link":"https:\/\/chmedica.ch\/fr\/produit\/stetho-double-tete-classic-y-bleu-royal\/","title":{"rendered":"ST\u00c9THO. DOUBLE T\u00caTE CLASSIC &#8211; Y bleu royal"},"content":{"rendered":"","protected":false},"excerpt":{"rendered":"<p>ST\u00c9THOSCOPE CLASSIC ACIER INOX \u00c0 T\u00caTE DOUBLE &#8211; ADULTES &#8211; bleu royal<\/p>\n<p>St\u00e9thoscope de qualit\u00e9 avec pavillon en acier inox, lyre \u00e0 double ressort interne en acier inox et tubulure \u00e9l\u00e9gante en PVC moul\u00e9 garantissant des performances acoustiques in\u00e9gal\u00e9es.<br \/>\nLa tubulure en Y souple de 55 cm (22&Prime;), la bague anti-froid et la bague de fixation du diaphragme, de couleur assortie, offrent un confort optimal et une \u00e9l\u00e9gance additionnelle.<br \/>\nLivr\u00e9s dans un coffret doubl\u00e9 en mousse, avec 2 paires d&#8217;embouts auriculaires souples suppl\u00e9mentaires.<br \/>\nPavillon: \u00d8 45 mm (adulte), \u00d8 35 mm (p\u00e9diatrique).<br \/>\nMode d&#8217;emploi et bo\u00eete en: GB, FR, DE, IT, ES, PT, GR, PL, HU, SE, RO, BG, Arabe.<\/p>\n","protected":false},"featured_media":101530,"template":"","meta":{"_acf_changed":false},"product_brand":[],"product_cat":[1136,808],"product_tag":[],"class_list":{"0":"post-101560","1":"product","2":"type-product","3":"status-publish","4":"has-post-thumbnail","6":"product_cat-duophones-pour-adultes","7":"product_cat-phonendoscopes-et-sphygmomanometres","9":"first","10":"onbackorder","11":"taxable","12":"shipping-taxable","13":"purchasable","14":"product-type-simple"},"acf":{"fornitore":"GIMA","standard_accessori":"","unita_misura":"1 pz."},"_links":{"self":[{"href":"https:\/\/chmedica.ch\/fr\/wp-json\/wp\/v2\/product\/101560","targetHints":{"allow":["GET"]}}],"collection":[{"href":"https:\/\/chmedica.ch\/fr\/wp-json\/wp\/v2\/product"}],"about":[{"href":"https:\/\/chmedica.ch\/fr\/wp-json\/wp\/v2\/types\/product"}],"wp:featuredmedia":[{"embeddable":true,"href":"https:\/\/chmedica.ch\/fr\/wp-json\/wp\/v2\/media\/101530"}],"wp:attachment":[{"href":"https:\/\/chmedica.ch\/fr\/wp-json\/wp\/v2\/media?parent=101560"}],"wp:term":[{"taxonomy":"product_brand","embeddable":true,"href":"https:\/\/chmedica.ch\/fr\/wp-json\/wp\/v2\/product_brand?post=101560"},{"taxonomy":"product_cat","embeddable":true,"href":"https:\/\/chmedica.ch\/fr\/wp-json\/wp\/v2\/product_cat?post=101560"},{"taxonomy":"product_tag","embeddable":true,"href":"https:\/\/chmedica.ch\/fr\/wp-json\/wp\/v2\/product_tag?post=101560"}],"curies":[{"name":"wp","href":"https:\/\/api.w.org\/{rel}","templated":true}]}}