{"id":100612,"date":"2023-06-23T07:39:45","date_gmt":"2023-06-23T05:39:45","guid":{"rendered":"https:\/\/chmedica.ch\/prodotto\/primedic-heart-save-aed-m-avec-batt-recharg-et-moniteur-autres-langues\/"},"modified":"2024-01-02T20:43:09","modified_gmt":"2024-01-02T19:43:09","slug":"primedic-heart-save-aed-m-avec-batt-recharg-et-moniteur-autres-langues","status":"publish","type":"product","link":"https:\/\/chmedica.ch\/fr\/produit\/primedic-heart-save-aed-m-avec-batt-recharg-et-moniteur-autres-langues\/","title":{"rendered":"PRIMEDIC HEART SAVE AED-M avec batt. recharg. et moniteur &#8211; Autres langues"},"content":{"rendered":"<p>\u2022 D\u00e9fibrillation<br \/>\nMode semi-automatique<br \/>\nOnde: biphasique, impulsion r\u00e9gl\u00e9e par courant<br \/>\n\u00c9nergie: 50-360 J<br \/>\nTemps de charge: &lt; 12 sec @ 360J<br \/>\nModes de fonctionnement: asynchrones<br \/>\nMode p\u00e9diatrique<\/p>\n<p>\u2022 ECG<br \/>\nD\u00e9rivations: II<br \/>\nPlage d&#039;imp\u00e9dance du patient: 23-200 Ohm<br \/>\nPlage de la fr\u00e9quence cardiaque: 30-300 par min<\/p>\n<p>\u2022 VF: d\u00e9tection VT<br \/>\nD\u00e9tection VF\/VT<br \/>\nTemps d&#039;analyse: 7-12 sec<br \/>\nPalier asystole: &lt;0,2mV<br \/>\nD\u00e9tection des stimulateurs cardiaques<\/p>\n<p>\u2022 \u00c9lectrodes<br \/>\n\u00c9lectrodes non polaris\u00e9es, longueur du c\u00e2ble: 2 m<\/p>\n<p>\u2022 Moniteur LCD<br \/>\n95 x 72 mm (diagonale 4,7&quot;\/120 mm)<br \/>\n320 x 240 (taille des pixels 0,36 x 0,36 mm)<br \/>\nAffichage de l&#039;\u00e9tat de la batterie<br \/>\nVitesse: 25 mm\/s<br \/>\nFr\u00e9quence cardiaque, nombre de d\u00e9fibrillations, nombre de VF\/VT, temps de r\u00e9animation total<\/p>\n<p>\u2022 Sauvegarde des donn\u00e9es<br \/>\nM\u00e9moire amovible<br \/>\nEnregistrement vocal<\/p>\n<p>\u2022 Alimentation<br \/>\nAkupak Lite avec batterie rechargeable 100-240 V, 50\/60 Hz \u2013 150 d\u00e9charges \u00e0 200 J<br \/>\n\u2013 5 heures de surveillance<\/p>\n<p>\u2022 \u00c9cran<br \/>\n\u00c9tat \u00e9cran et batterie<\/p>\n","protected":false},"excerpt":{"rendered":"<p>D\u00e9fibrillateur HeartSave AED-M<br \/>\n&#8211; \u00c9quip\u00e9 d&rsquo;une batterie rechargeable AKUPAK et pince de charge<br \/>\n&#8211; Autres langues: Les langues suivantes sont disponibles (version vocale et manuel): BG, CZ, DK, FI, HR, HU, MK, NL, NO, RO, RU, SE, SI, TR, AE, CN, IR, TH. \u00c0 sp\u00e9cifier \u00e0 la commande. Disponibles sous 40\/60 jours.<\/p>\n<p>La gamme de produits PRIMEDIC HeartSave est facile et rapide \u00e0 utiliser.<br \/>\nDes contr\u00f4les vocaux clairs guident les secouristes dans les activit\u00e9s de r\u00e9animation.<\/p>\n<p>\u2022 D\u00e9fibrillation \u00e0 courant contr\u00f4l\u00e9 &#8211; CCD<br \/>\nLa technologie biphasique CCD d\u00e9gage un courant sans pic vers le coeur du patient gr\u00e2ce \u00e0 une impulsion de d\u00e9fibrillation contr\u00f4l\u00e9e, personnalis\u00e9e, efficace et d\u00e9licate. HeartSave est \u00e9quip\u00e9 d\u2019un syst\u00e8me de d\u00e9fibrillation \u00e0 intensit\u00e9 montante, d\u2019une imp\u00e9dance compens\u00e9e et d\u2019une \u00e9nergie maximum de 360 J.<\/p>\n<p>\u2022 Flux efficace<br \/>\nHeartSave est con\u00e7u pour supporter au mieux les secouristes lors des r\u00e9animations. Son mode de fonctionnement avanc\u00e9 aide \u00e0 r\u00e9duire la pause RCP jusqu\u2019au choc donn\u00e9 par le d\u00e9fibrillateur.<\/p>\n<p>\u2022 Mode p\u00e9diatrique<br \/>\nS\u00e9lection du mode p\u00e9diatrique \u00e0 travers une simple touche. Ne requiert pas d\u2019\u00e9lectrode p\u00e9diatrique et se r\u00e9v\u00e8le tr\u00e8s facile \u00e0 utiliser.<\/p>\n<p>\u2022 Rapide<br \/>\nD\u00e9marrage automatique d\u00e8s l\u2019ouverture et analyse du rythme cardiaque imm\u00e9diate d\u00e8s que les \u00e9lectrodes sont attach\u00e9es au patient. Tous les accessoires (rasoir, masque, ciseaux et gants) sont compris.<\/p>\n<p>\u2022 \u00c9cran<br \/>\nL\u2019\u00e9cran fournit des informations claires sur l\u2019\u00e9tat du dispositif et des batteries (auto-test quotidien et mensuel).<\/p>\n<p>\u2022 Large \u00e9cran LCD pour la forme d\u2019onde ECG, la fr\u00e9quence cardiaque, le comptage des rythmes choquables et d\u2019autres importantes informations.<\/p>\n","protected":false},"featured_media":100606,"template":"","meta":{"_acf_changed":false},"product_brand":[],"product_cat":[966,860],"product_tag":[],"class_list":{"0":"post-100612","1":"product","2":"type-product","3":"status-publish","4":"has-post-thumbnail","6":"product_cat-defibrillateurs","7":"product_cat-urgence-et-pansement","9":"first","10":"onbackorder","11":"taxable","12":"shipping-taxable","13":"purchasable","14":"product-type-simple"},"acf":{"fornitore":"GIMA","standard_accessori":"Batterie rechargeable Akupak fournie avec chargeur\n\u00c9lectrodes\nEnregistrement vocal et des donne\u00e9s  \nManuel","unita_misura":"1 pz."},"_links":{"self":[{"href":"https:\/\/chmedica.ch\/fr\/wp-json\/wp\/v2\/product\/100612","targetHints":{"allow":["GET"]}}],"collection":[{"href":"https:\/\/chmedica.ch\/fr\/wp-json\/wp\/v2\/product"}],"about":[{"href":"https:\/\/chmedica.ch\/fr\/wp-json\/wp\/v2\/types\/product"}],"wp:featuredmedia":[{"embeddable":true,"href":"https:\/\/chmedica.ch\/fr\/wp-json\/wp\/v2\/media\/100606"}],"wp:attachment":[{"href":"https:\/\/chmedica.ch\/fr\/wp-json\/wp\/v2\/media?parent=100612"}],"wp:term":[{"taxonomy":"product_brand","embeddable":true,"href":"https:\/\/chmedica.ch\/fr\/wp-json\/wp\/v2\/product_brand?post=100612"},{"taxonomy":"product_cat","embeddable":true,"href":"https:\/\/chmedica.ch\/fr\/wp-json\/wp\/v2\/product_cat?post=100612"},{"taxonomy":"product_tag","embeddable":true,"href":"https:\/\/chmedica.ch\/fr\/wp-json\/wp\/v2\/product_tag?post=100612"}],"curies":[{"name":"wp","href":"https:\/\/api.w.org\/{rel}","templated":true}]}}